{"id":103,"date":"2019-08-02T10:02:39","date_gmt":"2019-08-02T10:02:39","guid":{"rendered":"https:\/\/monacita.com\/?page_id=103"},"modified":"2022-06-21T16:21:33","modified_gmt":"2022-06-21T15:21:33","slug":"badajoz","status":"publish","type":"page","link":"https:\/\/monacita.com\/?page_id=103","title":{"rendered":"Badajoz"},"content":{"rendered":"\t\t<div data-elementor-type=\"wp-post\" data-elementor-id=\"103\" class=\"elementor elementor-103\">\n\t\t\t\t\t\t<section class=\"elementor-section elementor-top-section elementor-element elementor-element-6c7ec22 elementor-section-boxed elementor-section-height-default elementor-section-height-default\" data-id=\"6c7ec22\" data-element_type=\"section\" data-e-type=\"section\">\n\t\t\t\t\t\t<div class=\"elementor-container elementor-column-gap-default\">\n\t\t\t\t\t<div class=\"elementor-column elementor-col-100 elementor-top-column elementor-element elementor-element-5c5329c\" data-id=\"5c5329c\" data-element_type=\"column\" data-e-type=\"column\">\n\t\t\t<div class=\"elementor-widget-wrap elementor-element-populated\">\n\t\t\t\t\t\t<div class=\"elementor-element elementor-element-810c5b7 elementor-widget elementor-widget-heading\" data-id=\"810c5b7\" data-element_type=\"widget\" data-e-type=\"widget\" data-widget_type=\"heading.default\">\n\t\t\t\t<div class=\"elementor-widget-container\">\n\t\t\t\t\t<h2 class=\"elementor-heading-title elementor-size-default\">Skarns Burguillos del Cerro<\/h2>\t\t\t\t<\/div>\n\t\t\t\t<\/div>\n\t\t\t\t<div class=\"elementor-element elementor-element-8bda3de elementor-widget elementor-widget-heading\" data-id=\"8bda3de\" data-element_type=\"widget\" data-e-type=\"widget\" data-widget_type=\"heading.default\">\n\t\t\t\t<div class=\"elementor-widget-container\">\n\t\t\t\t\t<h2 class=\"elementor-heading-title elementor-size-default\">Resumen<\/h2>\t\t\t\t<\/div>\n\t\t\t\t<\/div>\n\t\t\t\t<div class=\"elementor-element elementor-element-7a3c849 elementor-widget elementor-widget-text-editor\" data-id=\"7a3c849\" data-element_type=\"widget\" data-e-type=\"widget\" data-widget_type=\"text-editor.default\">\n\t\t\t\t<div class=\"elementor-widget-container\">\n\t\t\t\t\t\t\t\t\t<p><span lang=\"ES\">Este trabajo forma parte del proyecto \u00abOro y Tierras Raras en los \u00abskarns\u00bb del eje Barcarrota-Cala.\u00bb, cuya realizaci\u00f3n ha sido llevada a cabo de manera coordinada por la Universidad Complutense de Madrid (UCM) y el Instituto Tecnol\u00f3gico Geominero de Espa\u00f1a (ITGE). Dicho proyecto ha contado con la subvenci\u00f3n de la Comisi\u00f3n Interministerial de Ciencia y Tecnolog\u00eda (CICYT) dentro del Programa Nacional de Medio Ambiente y Recursos Naturales.<\/span><\/p><p><span lang=\"ES\">Partiendo de la base de la potencialidad de los \u00abskarns\u00bb mineralizados del eje Barcarrota-Cala para presentar altos contenidos en oro y Tierras Raras, se ha realizado un ensayo metodol\u00f3gico de prospecci\u00f3n, geoqu\u00edmica de estos elementos en un zona piloto cubriendo los \u00abskarns\u00bb del \u00e1rea de Burguillos del Cerro. <\/span><\/p><p><span lang=\"ES\">La zona de ensayo de 45 km2 abarca ampliamente la parte suroccidental del Complejo Plut\u00e1nico de Burguillos del Cerro y las litolog\u00edas detr\u00edticas del encajante, siendo muy abundantes los \u00abskarns\u00bb mineralizados en magnetita. Se han definido 116 estaciones de muestreo en la red de drenaje, y en cada una de ellas se ha tomado por un lado una muestra de sedimento y por otro el concentrado de batear 10 litros de sedimento. <\/span><\/p><p><span lang=\"ES\">Se han realizado los an\u00e1lisis qu\u00edmicos multi-elementales de los dos tipos de muestra adem\u00e1s del estudio mineralo-m\u00e9trico de los concentrados de batea. <\/span><\/p><p><span lang=\"ES\">Los tres conjuntos de datos que resultan se han tratado individualmente con an\u00e1lisis estad\u00edsticos mono, bi y multivariantes, lo que ha permitido en cada caso conocer las distribuciones geoqu\u00edmicas mono-elementales del Au y las Tierras Raras, sus muestras an\u00f3malas, su correlaci\u00f3n con las otras variables y la distribuci\u00f3n y caracter\u00edsticas de las diferentes clases geoqu\u00edmicas. <\/span><\/p><p><span lang=\"ES\">En su conjunto este tratamiento tambi\u00e9n ha permitido evaluar la correlaci\u00f3n que presentan el Au y las Tierras Raras con los \u00abskarris\u00bb mineralizados, pudi\u00e9ndose afirmar que si esta existe es muy baja, pues no se ha visto reflejada en ninguno de los resultados de los tres m\u00e9todos de exploraci\u00f3n empleados. As\u00ed, las distribuciones de las Tierras Raras parecen estar m\u00e1s bien en relaci\u00f3n con las diferentes composiciones mineral\u00f3gicas de las diversas l\u00a1tolog\u00edas que con la existencia de los \u00abskarns\u00bb.<\/span><\/p><p><span lang=\"ES\">Por otro lado se ha podido comprobar que la correlaci\u00f3n entre el Au y las Tierras Raras pr\u00e1cticamente no existe, a excepci\u00f3n de algunas muestras de bateas donde el an\u00e1lisis qu\u00edmico ha revelado altas concentraciones coincidentes para estos elementos.<\/span><\/p><p><span lang=\"ES\">Como resumen se puede afirmar que si bien cada m\u00e9todo de exploraci\u00f3n empleado da resultados parcialmente diferentes para la distribuci\u00f3n del oro y las Tierras Raras, los tres se complementar\u00edan en una prospecci\u00f3n geoqu\u00edmica, al reflejar distintos aspectos de una \u00fanica realidad.<\/span><\/p>\t\t\t\t\t\t\t\t<\/div>\n\t\t\t\t<\/div>\n\t\t\t\t<div class=\"elementor-element elementor-element-243bc3e elementor-widget elementor-widget-heading\" data-id=\"243bc3e\" data-element_type=\"widget\" data-e-type=\"widget\" data-widget_type=\"heading.default\">\n\t\t\t\t<div class=\"elementor-widget-container\">\n\t\t\t\t\t<h2 class=\"elementor-heading-title elementor-size-default\">Descargas<\/h2>\t\t\t\t<\/div>\n\t\t\t\t<\/div>\n\t\t\t\t\t<\/div>\n\t\t<\/div>\n\t\t\t\t\t<\/div>\n\t\t<\/section>\n\t\t\t\t<section class=\"elementor-section elementor-top-section elementor-element elementor-element-f043a5b elementor-section-boxed elementor-section-height-default elementor-section-height-default\" data-id=\"f043a5b\" data-element_type=\"section\" data-e-type=\"section\">\n\t\t\t\t\t\t<div class=\"elementor-container elementor-column-gap-default\">\n\t\t\t\t\t<div class=\"elementor-column elementor-col-25 elementor-top-column elementor-element elementor-element-c4b660e\" data-id=\"c4b660e\" data-element_type=\"column\" data-e-type=\"column\">\n\t\t\t<div class=\"elementor-widget-wrap\">\n\t\t\t\t\t\t\t<\/div>\n\t\t<\/div>\n\t\t\t\t<div class=\"elementor-column elementor-col-25 elementor-top-column elementor-element elementor-element-ac047d5\" data-id=\"ac047d5\" data-element_type=\"column\" data-e-type=\"column\">\n\t\t\t<div class=\"elementor-widget-wrap elementor-element-populated\">\n\t\t\t\t\t\t<div class=\"elementor-element elementor-element-1d8b7ee elementor-view-default elementor-position-block-start elementor-mobile-position-block-start elementor-widget elementor-widget-icon-box\" data-id=\"1d8b7ee\" data-element_type=\"widget\" data-e-type=\"widget\" data-widget_type=\"icon-box.default\">\n\t\t\t\t<div class=\"elementor-widget-container\">\n\t\t\t\t\t\t\t<div class=\"elementor-icon-box-wrapper\">\n\n\t\t\t\t\t\t<div class=\"elementor-icon-box-icon\">\n\t\t\t\t<a href=\"https:\/\/monacita.com\/docs\/MEMORIA_Y_ANEXOS_BADAJOZ.pdf\" target=\"_blank\" class=\"elementor-icon\" tabindex=\"-1\" aria-label=\"Memoria y Anexos\">\n\t\t\t\t<i aria-hidden=\"true\" class=\"far fa-file-pdf\"><\/i>\t\t\t\t<\/a>\n\t\t\t<\/div>\n\t\t\t\n\t\t\t\t\t\t<div class=\"elementor-icon-box-content\">\n\n\t\t\t\t\t\t\t\t\t<h3 class=\"elementor-icon-box-title\">\n\t\t\t\t\t\t<a href=\"https:\/\/monacita.com\/docs\/MEMORIA_Y_ANEXOS_BADAJOZ.pdf\" target=\"_blank\" >\n\t\t\t\t\t\t\tMemoria y Anexos\t\t\t\t\t\t<\/a>\n\t\t\t\t\t<\/h3>\n\t\t\t\t\n\t\t\t\t\n\t\t\t<\/div>\n\t\t\t\n\t\t<\/div>\n\t\t\t\t\t\t<\/div>\n\t\t\t\t<\/div>\n\t\t\t\t\t<\/div>\n\t\t<\/div>\n\t\t\t\t<div class=\"elementor-column elementor-col-25 elementor-top-column elementor-element elementor-element-262628b\" data-id=\"262628b\" data-element_type=\"column\" data-e-type=\"column\">\n\t\t\t<div class=\"elementor-widget-wrap elementor-element-populated\">\n\t\t\t\t\t\t<div class=\"elementor-element elementor-element-0bcb2db elementor-view-default elementor-position-block-start elementor-mobile-position-block-start elementor-widget elementor-widget-icon-box\" data-id=\"0bcb2db\" data-element_type=\"widget\" data-e-type=\"widget\" data-widget_type=\"icon-box.default\">\n\t\t\t\t<div class=\"elementor-widget-container\">\n\t\t\t\t\t\t\t<div class=\"elementor-icon-box-wrapper\">\n\n\t\t\t\t\t\t<div class=\"elementor-icon-box-icon\">\n\t\t\t\t<a href=\"https:\/\/monacita.com\/docs\/FIGURAS_Y_TABLAS_BADAJOZ.pdf\" target=\"_blank\" class=\"elementor-icon\" tabindex=\"-1\" aria-label=\"Figuras y Tablas\">\n\t\t\t\t<i aria-hidden=\"true\" class=\"far fa-file-pdf\"><\/i>\t\t\t\t<\/a>\n\t\t\t<\/div>\n\t\t\t\n\t\t\t\t\t\t<div class=\"elementor-icon-box-content\">\n\n\t\t\t\t\t\t\t\t\t<h3 class=\"elementor-icon-box-title\">\n\t\t\t\t\t\t<a href=\"https:\/\/monacita.com\/docs\/FIGURAS_Y_TABLAS_BADAJOZ.pdf\" target=\"_blank\" >\n\t\t\t\t\t\t\tFiguras y Tablas\t\t\t\t\t\t<\/a>\n\t\t\t\t\t<\/h3>\n\t\t\t\t\n\t\t\t\t\n\t\t\t<\/div>\n\t\t\t\n\t\t<\/div>\n\t\t\t\t\t\t<\/div>\n\t\t\t\t<\/div>\n\t\t\t\t\t<\/div>\n\t\t<\/div>\n\t\t\t\t<div class=\"elementor-column elementor-col-25 elementor-top-column elementor-element elementor-element-0d6a707\" data-id=\"0d6a707\" data-element_type=\"column\" data-e-type=\"column\">\n\t\t\t<div class=\"elementor-widget-wrap\">\n\t\t\t\t\t\t\t<\/div>\n\t\t<\/div>\n\t\t\t\t\t<\/div>\n\t\t<\/section>\n\t\t\t\t<section class=\"elementor-section elementor-top-section elementor-element elementor-element-60c2c1ee elementor-section-boxed elementor-section-height-default elementor-section-height-default\" data-id=\"60c2c1ee\" data-element_type=\"section\" data-e-type=\"section\" data-settings=\"{&quot;background_background&quot;:&quot;classic&quot;,&quot;shape_divider_top&quot;:&quot;curve&quot;,&quot;shape_divider_top_negative&quot;:&quot;yes&quot;}\">\n\t\t\t\t\t\t\t<div class=\"elementor-background-overlay\"><\/div>\n\t\t\t\t\t\t<div class=\"elementor-shape elementor-shape-top\" aria-hidden=\"true\" data-negative=\"true\">\n\t\t\t<svg xmlns=\"http:\/\/www.w3.org\/2000\/svg\" viewBox=\"0 0 1000 100\" preserveAspectRatio=\"none\">\n\t<path class=\"elementor-shape-fill\" d=\"M500,97C126.7,96.3,0.8,19.8,0,0v100l1000,0V1C1000,19.4,873.3,97.8,500,97z\"\/>\n<\/svg>\t\t<\/div>\n\t\t\t\t\t<div class=\"elementor-container elementor-column-gap-default\">\n\t\t\t\t\t<div class=\"elementor-column elementor-col-33 elementor-top-column elementor-element elementor-element-288f7743\" data-id=\"288f7743\" data-element_type=\"column\" data-e-type=\"column\">\n\t\t\t<div class=\"elementor-widget-wrap\">\n\t\t\t\t\t\t\t<\/div>\n\t\t<\/div>\n\t\t\t\t<div class=\"elementor-column elementor-col-33 elementor-top-column elementor-element elementor-element-7220474a\" data-id=\"7220474a\" data-element_type=\"column\" data-e-type=\"column\">\n\t\t\t<div class=\"elementor-widget-wrap elementor-element-populated\">\n\t\t\t\t\t\t<div class=\"elementor-element elementor-element-5f089ffb elementor-view-default elementor-position-block-start elementor-mobile-position-block-start elementor-widget elementor-widget-icon-box\" data-id=\"5f089ffb\" data-element_type=\"widget\" data-e-type=\"widget\" data-widget_type=\"icon-box.default\">\n\t\t\t\t<div class=\"elementor-widget-container\">\n\t\t\t\t\t\t\t<div class=\"elementor-icon-box-wrapper\">\n\n\t\t\t\t\t\t<div class=\"elementor-icon-box-icon\">\n\t\t\t\t<span  class=\"elementor-icon\">\n\t\t\t\t<i aria-hidden=\"true\" class=\"fas fa-mail-bulk\"><\/i>\t\t\t\t<\/span>\n\t\t\t<\/div>\n\t\t\t\n\t\t\t\t\t\t<div class=\"elementor-icon-box-content\">\n\n\t\t\t\t\t\t\t\t\t<h5 class=\"elementor-icon-box-title\">\n\t\t\t\t\t\t<span  >\n\t\t\t\t\t\t\tinfo@monacita.com\t\t\t\t\t\t<\/span>\n\t\t\t\t\t<\/h5>\n\t\t\t\t\n\t\t\t\t\n\t\t\t<\/div>\n\t\t\t\n\t\t<\/div>\n\t\t\t\t\t\t<\/div>\n\t\t\t\t<\/div>\n\t\t\t\t\t<\/div>\n\t\t<\/div>\n\t\t\t\t<div class=\"elementor-column elementor-col-33 elementor-top-column elementor-element elementor-element-3b6b1d8e\" data-id=\"3b6b1d8e\" data-element_type=\"column\" data-e-type=\"column\">\n\t\t\t<div class=\"elementor-widget-wrap\">\n\t\t\t\t\t\t\t<\/div>\n\t\t<\/div>\n\t\t\t\t\t<\/div>\n\t\t<\/section>\n\t\t\t\t<\/div>\n\t\t","protected":false},"excerpt":{"rendered":"<p>Skarns Burguillos del Cerro Resumen Este trabajo forma parte del proyecto \u00abOro y Tierras Raras en los \u00abskarns\u00bb del eje Barcarrota-Cala.\u00bb, cuya realizaci\u00f3n ha sido llevada a cabo de manera coordinada por la Universidad Complutense de Madrid (UCM) y el Instituto Tecnol\u00f3gico Geominero de Espa\u00f1a (ITGE). Dicho proyecto ha contado con la subvenci\u00f3n de la [&hellip;]<\/p>\n","protected":false},"author":1,"featured_media":0,"parent":79,"menu_order":4,"comment_status":"closed","ping_status":"closed","template":"","meta":{"footnotes":""},"class_list":["post-103","page","type-page","status-publish","hentry"],"yoast_head":"<!-- This site is optimized with the Yoast SEO plugin v27.4 - https:\/\/yoast.com\/product\/yoast-seo-wordpress\/ -->\n<title>Badajoz - Monacita<\/title>\n<meta name=\"robots\" content=\"index, follow, max-snippet:-1, max-image-preview:large, max-video-preview:-1\" \/>\n<link rel=\"canonical\" href=\"https:\/\/monacita.com\/?page_id=103\" \/>\n<meta property=\"og:locale\" content=\"es_ES\" \/>\n<meta property=\"og:type\" content=\"article\" \/>\n<meta property=\"og:title\" content=\"Badajoz - Monacita\" \/>\n<meta property=\"og:description\" content=\"Skarns Burguillos del Cerro Resumen Este trabajo forma parte del proyecto \u00abOro y Tierras Raras en los \u00abskarns\u00bb del eje Barcarrota-Cala.\u00bb, cuya realizaci\u00f3n ha sido llevada a cabo de manera coordinada por la Universidad Complutense de Madrid (UCM) y el Instituto Tecnol\u00f3gico Geominero de Espa\u00f1a (ITGE). Dicho proyecto ha contado con la subvenci\u00f3n de la [&hellip;]\" \/>\n<meta property=\"og:url\" content=\"https:\/\/monacita.com\/?page_id=103\" \/>\n<meta property=\"og:site_name\" content=\"Monacita\" \/>\n<meta property=\"article:modified_time\" content=\"2022-06-21T15:21:33+00:00\" \/>\n<meta name=\"twitter:card\" content=\"summary_large_image\" \/>\n<meta name=\"twitter:label1\" content=\"Tiempo de lectura\" \/>\n\t<meta name=\"twitter:data1\" content=\"3 minutos\" \/>\n<script type=\"application\/ld+json\" class=\"yoast-schema-graph\">{\"@context\":\"https:\\\/\\\/schema.org\",\"@graph\":[{\"@type\":\"WebPage\",\"@id\":\"https:\\\/\\\/monacita.com\\\/?page_id=103\",\"url\":\"https:\\\/\\\/monacita.com\\\/?page_id=103\",\"name\":\"Badajoz - Monacita\",\"isPartOf\":{\"@id\":\"https:\\\/\\\/monacita.com\\\/#website\"},\"datePublished\":\"2019-08-02T10:02:39+00:00\",\"dateModified\":\"2022-06-21T15:21:33+00:00\",\"breadcrumb\":{\"@id\":\"https:\\\/\\\/monacita.com\\\/?page_id=103#breadcrumb\"},\"inLanguage\":\"es\",\"potentialAction\":[{\"@type\":\"ReadAction\",\"target\":[\"https:\\\/\\\/monacita.com\\\/?page_id=103\"]}]},{\"@type\":\"BreadcrumbList\",\"@id\":\"https:\\\/\\\/monacita.com\\\/?page_id=103#breadcrumb\",\"itemListElement\":[{\"@type\":\"ListItem\",\"position\":1,\"name\":\"Portada\",\"item\":\"https:\\\/\\\/monacita.com\\\/\"},{\"@type\":\"ListItem\",\"position\":2,\"name\":\"Estudios geol\u00f3gicos TTRR\",\"item\":\"https:\\\/\\\/monacita.com\\\/?page_id=79\"},{\"@type\":\"ListItem\",\"position\":3,\"name\":\"Badajoz\"}]},{\"@type\":\"WebSite\",\"@id\":\"https:\\\/\\\/monacita.com\\\/#website\",\"url\":\"https:\\\/\\\/monacita.com\\\/\",\"name\":\"Monacita\",\"description\":\"Estudios geol\u00f3gicos\",\"potentialAction\":[{\"@type\":\"SearchAction\",\"target\":{\"@type\":\"EntryPoint\",\"urlTemplate\":\"https:\\\/\\\/monacita.com\\\/?s={search_term_string}\"},\"query-input\":{\"@type\":\"PropertyValueSpecification\",\"valueRequired\":true,\"valueName\":\"search_term_string\"}}],\"inLanguage\":\"es\"}]}<\/script>\n<!-- \/ Yoast SEO plugin. -->","yoast_head_json":{"title":"Badajoz - Monacita","robots":{"index":"index","follow":"follow","max-snippet":"max-snippet:-1","max-image-preview":"max-image-preview:large","max-video-preview":"max-video-preview:-1"},"canonical":"https:\/\/monacita.com\/?page_id=103","og_locale":"es_ES","og_type":"article","og_title":"Badajoz - Monacita","og_description":"Skarns Burguillos del Cerro Resumen Este trabajo forma parte del proyecto \u00abOro y Tierras Raras en los \u00abskarns\u00bb del eje Barcarrota-Cala.\u00bb, cuya realizaci\u00f3n ha sido llevada a cabo de manera coordinada por la Universidad Complutense de Madrid (UCM) y el Instituto Tecnol\u00f3gico Geominero de Espa\u00f1a (ITGE). Dicho proyecto ha contado con la subvenci\u00f3n de la [&hellip;]","og_url":"https:\/\/monacita.com\/?page_id=103","og_site_name":"Monacita","article_modified_time":"2022-06-21T15:21:33+00:00","twitter_card":"summary_large_image","twitter_misc":{"Tiempo de lectura":"3 minutos"},"schema":{"@context":"https:\/\/schema.org","@graph":[{"@type":"WebPage","@id":"https:\/\/monacita.com\/?page_id=103","url":"https:\/\/monacita.com\/?page_id=103","name":"Badajoz - Monacita","isPartOf":{"@id":"https:\/\/monacita.com\/#website"},"datePublished":"2019-08-02T10:02:39+00:00","dateModified":"2022-06-21T15:21:33+00:00","breadcrumb":{"@id":"https:\/\/monacita.com\/?page_id=103#breadcrumb"},"inLanguage":"es","potentialAction":[{"@type":"ReadAction","target":["https:\/\/monacita.com\/?page_id=103"]}]},{"@type":"BreadcrumbList","@id":"https:\/\/monacita.com\/?page_id=103#breadcrumb","itemListElement":[{"@type":"ListItem","position":1,"name":"Portada","item":"https:\/\/monacita.com\/"},{"@type":"ListItem","position":2,"name":"Estudios geol\u00f3gicos TTRR","item":"https:\/\/monacita.com\/?page_id=79"},{"@type":"ListItem","position":3,"name":"Badajoz"}]},{"@type":"WebSite","@id":"https:\/\/monacita.com\/#website","url":"https:\/\/monacita.com\/","name":"Monacita","description":"Estudios geol\u00f3gicos","potentialAction":[{"@type":"SearchAction","target":{"@type":"EntryPoint","urlTemplate":"https:\/\/monacita.com\/?s={search_term_string}"},"query-input":{"@type":"PropertyValueSpecification","valueRequired":true,"valueName":"search_term_string"}}],"inLanguage":"es"}]}},"_links":{"self":[{"href":"https:\/\/monacita.com\/index.php?rest_route=\/wp\/v2\/pages\/103","targetHints":{"allow":["GET"]}}],"collection":[{"href":"https:\/\/monacita.com\/index.php?rest_route=\/wp\/v2\/pages"}],"about":[{"href":"https:\/\/monacita.com\/index.php?rest_route=\/wp\/v2\/types\/page"}],"author":[{"embeddable":true,"href":"https:\/\/monacita.com\/index.php?rest_route=\/wp\/v2\/users\/1"}],"replies":[{"embeddable":true,"href":"https:\/\/monacita.com\/index.php?rest_route=%2Fwp%2Fv2%2Fcomments&post=103"}],"version-history":[{"count":28,"href":"https:\/\/monacita.com\/index.php?rest_route=\/wp\/v2\/pages\/103\/revisions"}],"predecessor-version":[{"id":557,"href":"https:\/\/monacita.com\/index.php?rest_route=\/wp\/v2\/pages\/103\/revisions\/557"}],"up":[{"embeddable":true,"href":"https:\/\/monacita.com\/index.php?rest_route=\/wp\/v2\/pages\/79"}],"wp:attachment":[{"href":"https:\/\/monacita.com\/index.php?rest_route=%2Fwp%2Fv2%2Fmedia&parent=103"}],"curies":[{"name":"wp","href":"https:\/\/api.w.org\/{rel}","templated":true}]}}