{"id":236,"date":"2019-08-08T10:42:08","date_gmt":"2019-08-08T10:42:08","guid":{"rendered":"https:\/\/monacita.com\/?page_id=236"},"modified":"2022-06-21T16:31:43","modified_gmt":"2022-06-21T15:31:43","slug":"huelva-2","status":"publish","type":"page","link":"https:\/\/monacita.com\/?page_id=236","title":{"rendered":"Huelva"},"content":{"rendered":"\t\t<div data-elementor-type=\"wp-post\" data-elementor-id=\"236\" class=\"elementor elementor-236\">\n\t\t\t\t\t\t<section class=\"elementor-section elementor-top-section elementor-element elementor-element-6c7ec22 elementor-section-boxed elementor-section-height-default elementor-section-height-default\" data-id=\"6c7ec22\" data-element_type=\"section\" data-e-type=\"section\">\n\t\t\t\t\t\t<div class=\"elementor-container elementor-column-gap-default\">\n\t\t\t\t\t<div class=\"elementor-column elementor-col-100 elementor-top-column elementor-element elementor-element-5c5329c\" data-id=\"5c5329c\" data-element_type=\"column\" data-e-type=\"column\">\n\t\t\t<div class=\"elementor-widget-wrap elementor-element-populated\">\n\t\t\t\t\t\t<div class=\"elementor-element elementor-element-810c5b7 elementor-widget elementor-widget-heading\" data-id=\"810c5b7\" data-element_type=\"widget\" data-e-type=\"widget\" data-widget_type=\"heading.default\">\n\t\t\t\t<div class=\"elementor-widget-container\">\n\t\t\t\t\t<h2 class=\"elementor-heading-title elementor-size-default\">Masa Valverde<\/h2>\t\t\t\t<\/div>\n\t\t\t\t<\/div>\n\t\t\t\t<div class=\"elementor-element elementor-element-8bda3de elementor-widget elementor-widget-heading\" data-id=\"8bda3de\" data-element_type=\"widget\" data-e-type=\"widget\" data-widget_type=\"heading.default\">\n\t\t\t\t<div class=\"elementor-widget-container\">\n\t\t\t\t\t<h2 class=\"elementor-heading-title elementor-size-default\">Introducci\u00f3n<\/h2>\t\t\t\t<\/div>\n\t\t\t\t<\/div>\n\t\t\t\t<div class=\"elementor-element elementor-element-7a3c849 elementor-widget elementor-widget-text-editor\" data-id=\"7a3c849\" data-element_type=\"widget\" data-e-type=\"widget\" data-widget_type=\"text-editor.default\">\n\t\t\t\t<div class=\"elementor-widget-container\">\n\t\t\t\t\t\t\t\t\t<p>La zona a prospectar, al Oeste de Valverde del Camino, se sit\u00faa en el borde oriental de la Faja Pir\u00edtica, pr\u00f3xima al Sinclinal Sur de Valverde y el Anticlinal de Los Cristos, y ha tenido una prospecci\u00f3n minera desde la \u00e9poca de los Romanos y Tartesos, y en sucesivas fases hasta la mitad del siglo XX. Las sustancias explotadas han sido Sulfuros Complejos y Manganeso. Una red de sondeos realizada por ENADIMSA en la d\u00e9cada de los 50 nos permite conocer el subsuelo de la zona de trabajo.\u00a0<\/p><p>Con este estudio se pretende conocer las t\u00e9cnicas de estudio de mineralizaciones profundas analizando por lixiviaci\u00f3n enzim\u00e1tica muestras de suelos superficiales. Esta metodolog\u00eda permite contrastar peque\u00f1as diferencias de contenidos en ciertos elementos qu\u00edmicos que indican posibles anomal\u00edas geoqu\u00edmicas imposibles de detectar con los an\u00e1lisis tradicionales (ICP + INAA) de muestras de suelos o sedimentos de arroyo, ya<br \/>que los materiales no afloran en superficie.<\/p>\t\t\t\t\t\t\t\t<\/div>\n\t\t\t\t<\/div>\n\t\t\t\t<div class=\"elementor-element elementor-element-dbc2a94 elementor-widget elementor-widget-heading\" data-id=\"dbc2a94\" data-element_type=\"widget\" data-e-type=\"widget\" data-widget_type=\"heading.default\">\n\t\t\t\t<div class=\"elementor-widget-container\">\n\t\t\t\t\t<h2 class=\"elementor-heading-title elementor-size-default\">Conclusiones<\/h2>\t\t\t\t<\/div>\n\t\t\t\t<\/div>\n\t\t\t\t<div class=\"elementor-element elementor-element-bd750ac elementor-widget elementor-widget-text-editor\" data-id=\"bd750ac\" data-element_type=\"widget\" data-e-type=\"widget\" data-widget_type=\"text-editor.default\">\n\t\t\t\t<div class=\"elementor-widget-container\">\n\t\t\t\t\t\t\t\t\t<p>La zona de Masa Valverde, al tratarse de una zona de sulfuros masivos investigada y explotada por MAYASA y posteriormente abandonada, hace muy interesante la realizaci\u00f3n de este estudio, para ver las posibilidades de futuros estudios que pudiesen delimitar yacimientos potencialmente explotables.<\/p><p>Los valores de contraste sobre fondo en los an\u00e1lisis por lixiviaci\u00f3n enzim\u00e1tica son extraordinariamente altos en el caso del Plomo (108), contra 4 en an\u00e1lisis<br \/>convencionales de suelos, y bastante altos en Esta\u00f1o (32 contra 2), Zinc (15 contra 2) y Cd (14 contra 2). Todos estos elementos hubiesen pasado desapercibidos en un estudio geoqu\u00edmico con an\u00e1lisis convencionales (ICP+INAA).<\/p><p>En lo referente a la distribuci\u00f3n de valores en el mapa existen dos tendencias dentro de los sulfuros complejos: Cobre y Zinc en el SE y N de la zona de estudio y Plomo en la parte N-NW. El elemento que mejor se adapta a lo previsible con los sondeos previos de MAYASA es el Cobre, que por otra parte no ofrece un contraste muy elevado en los an\u00e1lisis por lixiviaci\u00f3n enzim\u00e1tica (5 contra 6).<\/p><p>Con lo expuesto, se aconsejar\u00eda una ampliaci\u00f3n del estudio por el SE o E hacia el anticlinal de Los Cristos, donde existen mineralizaciones conocidas de sulfuros complejos.<\/p>\t\t\t\t\t\t\t\t<\/div>\n\t\t\t\t<\/div>\n\t\t\t\t<div class=\"elementor-element elementor-element-243bc3e elementor-widget elementor-widget-heading\" data-id=\"243bc3e\" data-element_type=\"widget\" data-e-type=\"widget\" data-widget_type=\"heading.default\">\n\t\t\t\t<div class=\"elementor-widget-container\">\n\t\t\t\t\t<h2 class=\"elementor-heading-title elementor-size-default\">Descargas<\/h2>\t\t\t\t<\/div>\n\t\t\t\t<\/div>\n\t\t\t\t\t<\/div>\n\t\t<\/div>\n\t\t\t\t\t<\/div>\n\t\t<\/section>\n\t\t\t\t<section class=\"elementor-section elementor-top-section elementor-element elementor-element-f043a5b elementor-section-boxed elementor-section-height-default elementor-section-height-default\" data-id=\"f043a5b\" data-element_type=\"section\" data-e-type=\"section\">\n\t\t\t\t\t\t<div class=\"elementor-container elementor-column-gap-default\">\n\t\t\t\t\t<div class=\"elementor-column elementor-col-25 elementor-top-column elementor-element elementor-element-c4b660e\" data-id=\"c4b660e\" data-element_type=\"column\" data-e-type=\"column\">\n\t\t\t<div class=\"elementor-widget-wrap\">\n\t\t\t\t\t\t\t<\/div>\n\t\t<\/div>\n\t\t\t\t<div class=\"elementor-column elementor-col-25 elementor-top-column elementor-element elementor-element-ac047d5\" data-id=\"ac047d5\" data-element_type=\"column\" data-e-type=\"column\">\n\t\t\t<div class=\"elementor-widget-wrap elementor-element-populated\">\n\t\t\t\t\t\t<div class=\"elementor-element elementor-element-1d8b7ee elementor-view-default elementor-position-block-start elementor-mobile-position-block-start elementor-widget elementor-widget-icon-box\" data-id=\"1d8b7ee\" data-element_type=\"widget\" data-e-type=\"widget\" data-widget_type=\"icon-box.default\">\n\t\t\t\t<div class=\"elementor-widget-container\">\n\t\t\t\t\t\t\t<div class=\"elementor-icon-box-wrapper\">\n\n\t\t\t\t\t\t<div class=\"elementor-icon-box-icon\">\n\t\t\t\t<a href=\"https:\/\/monacita.com\/docs\/MEMORIA_Masa_Valverde.pdf\" target=\"_blank\" class=\"elementor-icon\" tabindex=\"-1\" aria-label=\"Memoria y Anexos\">\n\t\t\t\t<i aria-hidden=\"true\" class=\"far fa-file-pdf\"><\/i>\t\t\t\t<\/a>\n\t\t\t<\/div>\n\t\t\t\n\t\t\t\t\t\t<div class=\"elementor-icon-box-content\">\n\n\t\t\t\t\t\t\t\t\t<h3 class=\"elementor-icon-box-title\">\n\t\t\t\t\t\t<a href=\"https:\/\/monacita.com\/docs\/MEMORIA_Masa_Valverde.pdf\" target=\"_blank\" >\n\t\t\t\t\t\t\tMemoria y Anexos\t\t\t\t\t\t<\/a>\n\t\t\t\t\t<\/h3>\n\t\t\t\t\n\t\t\t\t\n\t\t\t<\/div>\n\t\t\t\n\t\t<\/div>\n\t\t\t\t\t\t<\/div>\n\t\t\t\t<\/div>\n\t\t\t\t\t<\/div>\n\t\t<\/div>\n\t\t\t\t<div class=\"elementor-column elementor-col-25 elementor-top-column elementor-element elementor-element-262628b\" data-id=\"262628b\" data-element_type=\"column\" data-e-type=\"column\">\n\t\t\t<div class=\"elementor-widget-wrap elementor-element-populated\">\n\t\t\t\t\t\t<div class=\"elementor-element elementor-element-0bcb2db elementor-view-default elementor-position-block-start elementor-mobile-position-block-start elementor-widget elementor-widget-icon-box\" data-id=\"0bcb2db\" data-element_type=\"widget\" data-e-type=\"widget\" data-widget_type=\"icon-box.default\">\n\t\t\t\t<div class=\"elementor-widget-container\">\n\t\t\t\t\t\t\t<div class=\"elementor-icon-box-wrapper\">\n\n\t\t\t\t\t\t<div class=\"elementor-icon-box-icon\">\n\t\t\t\t<a href=\"https:\/\/monacita.com\/docs\/FIGURAS_Masa_Valverde.pdf\" target=\"_blank\" class=\"elementor-icon\" tabindex=\"-1\" aria-label=\"Figuras y Tablas\">\n\t\t\t\t<i aria-hidden=\"true\" class=\"far fa-file-pdf\"><\/i>\t\t\t\t<\/a>\n\t\t\t<\/div>\n\t\t\t\n\t\t\t\t\t\t<div class=\"elementor-icon-box-content\">\n\n\t\t\t\t\t\t\t\t\t<h3 class=\"elementor-icon-box-title\">\n\t\t\t\t\t\t<a href=\"https:\/\/monacita.com\/docs\/FIGURAS_Masa_Valverde.pdf\" target=\"_blank\" >\n\t\t\t\t\t\t\tFiguras y Tablas\t\t\t\t\t\t<\/a>\n\t\t\t\t\t<\/h3>\n\t\t\t\t\n\t\t\t\t\n\t\t\t<\/div>\n\t\t\t\n\t\t<\/div>\n\t\t\t\t\t\t<\/div>\n\t\t\t\t<\/div>\n\t\t\t\t\t<\/div>\n\t\t<\/div>\n\t\t\t\t<div class=\"elementor-column elementor-col-25 elementor-top-column elementor-element elementor-element-0d6a707\" data-id=\"0d6a707\" data-element_type=\"column\" data-e-type=\"column\">\n\t\t\t<div class=\"elementor-widget-wrap\">\n\t\t\t\t\t\t\t<\/div>\n\t\t<\/div>\n\t\t\t\t\t<\/div>\n\t\t<\/section>\n\t\t\t\t<section class=\"elementor-section elementor-top-section elementor-element elementor-element-1ca14306 elementor-section-boxed elementor-section-height-default elementor-section-height-default\" data-id=\"1ca14306\" data-element_type=\"section\" data-e-type=\"section\" data-settings=\"{&quot;background_background&quot;:&quot;classic&quot;,&quot;shape_divider_top&quot;:&quot;curve&quot;,&quot;shape_divider_top_negative&quot;:&quot;yes&quot;}\">\n\t\t\t\t\t\t\t<div class=\"elementor-background-overlay\"><\/div>\n\t\t\t\t\t\t<div class=\"elementor-shape elementor-shape-top\" aria-hidden=\"true\" data-negative=\"true\">\n\t\t\t<svg xmlns=\"http:\/\/www.w3.org\/2000\/svg\" viewBox=\"0 0 1000 100\" preserveAspectRatio=\"none\">\n\t<path class=\"elementor-shape-fill\" d=\"M500,97C126.7,96.3,0.8,19.8,0,0v100l1000,0V1C1000,19.4,873.3,97.8,500,97z\"\/>\n<\/svg>\t\t<\/div>\n\t\t\t\t\t<div class=\"elementor-container elementor-column-gap-default\">\n\t\t\t\t\t<div class=\"elementor-column elementor-col-33 elementor-top-column elementor-element elementor-element-79081b7d\" data-id=\"79081b7d\" data-element_type=\"column\" data-e-type=\"column\">\n\t\t\t<div class=\"elementor-widget-wrap\">\n\t\t\t\t\t\t\t<\/div>\n\t\t<\/div>\n\t\t\t\t<div class=\"elementor-column elementor-col-33 elementor-top-column elementor-element elementor-element-b4a0d7\" data-id=\"b4a0d7\" data-element_type=\"column\" data-e-type=\"column\">\n\t\t\t<div class=\"elementor-widget-wrap elementor-element-populated\">\n\t\t\t\t\t\t<div class=\"elementor-element elementor-element-7c45263d elementor-view-default elementor-position-block-start elementor-mobile-position-block-start elementor-widget elementor-widget-icon-box\" data-id=\"7c45263d\" data-element_type=\"widget\" data-e-type=\"widget\" data-widget_type=\"icon-box.default\">\n\t\t\t\t<div class=\"elementor-widget-container\">\n\t\t\t\t\t\t\t<div class=\"elementor-icon-box-wrapper\">\n\n\t\t\t\t\t\t<div class=\"elementor-icon-box-icon\">\n\t\t\t\t<span  class=\"elementor-icon\">\n\t\t\t\t<i aria-hidden=\"true\" class=\"fas fa-mail-bulk\"><\/i>\t\t\t\t<\/span>\n\t\t\t<\/div>\n\t\t\t\n\t\t\t\t\t\t<div class=\"elementor-icon-box-content\">\n\n\t\t\t\t\t\t\t\t\t<h5 class=\"elementor-icon-box-title\">\n\t\t\t\t\t\t<span  >\n\t\t\t\t\t\t\tinfo@monacita.com\t\t\t\t\t\t<\/span>\n\t\t\t\t\t<\/h5>\n\t\t\t\t\n\t\t\t\t\n\t\t\t<\/div>\n\t\t\t\n\t\t<\/div>\n\t\t\t\t\t\t<\/div>\n\t\t\t\t<\/div>\n\t\t\t\t\t<\/div>\n\t\t<\/div>\n\t\t\t\t<div class=\"elementor-column elementor-col-33 elementor-top-column elementor-element elementor-element-2bdff08b\" data-id=\"2bdff08b\" data-element_type=\"column\" data-e-type=\"column\">\n\t\t\t<div class=\"elementor-widget-wrap\">\n\t\t\t\t\t\t\t<\/div>\n\t\t<\/div>\n\t\t\t\t\t<\/div>\n\t\t<\/section>\n\t\t\t\t<\/div>\n\t\t","protected":false},"excerpt":{"rendered":"<p>Masa Valverde Introducci\u00f3n La zona a prospectar, al Oeste de Valverde del Camino, se sit\u00faa en el borde oriental de la Faja Pir\u00edtica, pr\u00f3xima al Sinclinal Sur de Valverde y el Anticlinal de Los Cristos, y ha tenido una prospecci\u00f3n minera desde la \u00e9poca de los Romanos y Tartesos, y en sucesivas fases hasta la [&hellip;]<\/p>\n","protected":false},"author":1,"featured_media":0,"parent":79,"menu_order":7,"comment_status":"closed","ping_status":"closed","template":"","meta":{"footnotes":""},"class_list":["post-236","page","type-page","status-publish","hentry"],"yoast_head":"<!-- This site is optimized with the Yoast SEO plugin v27.5 - https:\/\/yoast.com\/product\/yoast-seo-wordpress\/ -->\n<title>Huelva - Monacita<\/title>\n<meta name=\"robots\" content=\"index, follow, max-snippet:-1, max-image-preview:large, max-video-preview:-1\" \/>\n<link rel=\"canonical\" href=\"https:\/\/monacita.com\/?page_id=236\" \/>\n<meta property=\"og:locale\" content=\"es_ES\" \/>\n<meta property=\"og:type\" content=\"article\" \/>\n<meta property=\"og:title\" content=\"Huelva - Monacita\" \/>\n<meta property=\"og:description\" content=\"Masa Valverde Introducci\u00f3n La zona a prospectar, al Oeste de Valverde del Camino, se sit\u00faa en el borde oriental de la Faja Pir\u00edtica, pr\u00f3xima al Sinclinal Sur de Valverde y el Anticlinal de Los Cristos, y ha tenido una prospecci\u00f3n minera desde la \u00e9poca de los Romanos y Tartesos, y en sucesivas fases hasta la [&hellip;]\" \/>\n<meta property=\"og:url\" content=\"https:\/\/monacita.com\/?page_id=236\" \/>\n<meta property=\"og:site_name\" content=\"Monacita\" \/>\n<meta property=\"article:modified_time\" content=\"2022-06-21T15:31:43+00:00\" \/>\n<meta name=\"twitter:card\" content=\"summary_large_image\" \/>\n<meta name=\"twitter:label1\" content=\"Tiempo de lectura\" \/>\n\t<meta name=\"twitter:data1\" content=\"2 minutos\" \/>\n<script type=\"application\/ld+json\" class=\"yoast-schema-graph\">{\"@context\":\"https:\\\/\\\/schema.org\",\"@graph\":[{\"@type\":\"WebPage\",\"@id\":\"https:\\\/\\\/monacita.com\\\/?page_id=236\",\"url\":\"https:\\\/\\\/monacita.com\\\/?page_id=236\",\"name\":\"Huelva - Monacita\",\"isPartOf\":{\"@id\":\"https:\\\/\\\/monacita.com\\\/#website\"},\"datePublished\":\"2019-08-08T10:42:08+00:00\",\"dateModified\":\"2022-06-21T15:31:43+00:00\",\"breadcrumb\":{\"@id\":\"https:\\\/\\\/monacita.com\\\/?page_id=236#breadcrumb\"},\"inLanguage\":\"es\",\"potentialAction\":[{\"@type\":\"ReadAction\",\"target\":[\"https:\\\/\\\/monacita.com\\\/?page_id=236\"]}]},{\"@type\":\"BreadcrumbList\",\"@id\":\"https:\\\/\\\/monacita.com\\\/?page_id=236#breadcrumb\",\"itemListElement\":[{\"@type\":\"ListItem\",\"position\":1,\"name\":\"Portada\",\"item\":\"https:\\\/\\\/monacita.com\\\/\"},{\"@type\":\"ListItem\",\"position\":2,\"name\":\"Estudios geol\u00f3gicos TTRR\",\"item\":\"https:\\\/\\\/monacita.com\\\/?page_id=79\"},{\"@type\":\"ListItem\",\"position\":3,\"name\":\"Huelva\"}]},{\"@type\":\"WebSite\",\"@id\":\"https:\\\/\\\/monacita.com\\\/#website\",\"url\":\"https:\\\/\\\/monacita.com\\\/\",\"name\":\"Monacita\",\"description\":\"Estudios geol\u00f3gicos\",\"potentialAction\":[{\"@type\":\"SearchAction\",\"target\":{\"@type\":\"EntryPoint\",\"urlTemplate\":\"https:\\\/\\\/monacita.com\\\/?s={search_term_string}\"},\"query-input\":{\"@type\":\"PropertyValueSpecification\",\"valueRequired\":true,\"valueName\":\"search_term_string\"}}],\"inLanguage\":\"es\"}]}<\/script>\n<!-- \/ Yoast SEO plugin. -->","yoast_head_json":{"title":"Huelva - Monacita","robots":{"index":"index","follow":"follow","max-snippet":"max-snippet:-1","max-image-preview":"max-image-preview:large","max-video-preview":"max-video-preview:-1"},"canonical":"https:\/\/monacita.com\/?page_id=236","og_locale":"es_ES","og_type":"article","og_title":"Huelva - Monacita","og_description":"Masa Valverde Introducci\u00f3n La zona a prospectar, al Oeste de Valverde del Camino, se sit\u00faa en el borde oriental de la Faja Pir\u00edtica, pr\u00f3xima al Sinclinal Sur de Valverde y el Anticlinal de Los Cristos, y ha tenido una prospecci\u00f3n minera desde la \u00e9poca de los Romanos y Tartesos, y en sucesivas fases hasta la [&hellip;]","og_url":"https:\/\/monacita.com\/?page_id=236","og_site_name":"Monacita","article_modified_time":"2022-06-21T15:31:43+00:00","twitter_card":"summary_large_image","twitter_misc":{"Tiempo de lectura":"2 minutos"},"schema":{"@context":"https:\/\/schema.org","@graph":[{"@type":"WebPage","@id":"https:\/\/monacita.com\/?page_id=236","url":"https:\/\/monacita.com\/?page_id=236","name":"Huelva - Monacita","isPartOf":{"@id":"https:\/\/monacita.com\/#website"},"datePublished":"2019-08-08T10:42:08+00:00","dateModified":"2022-06-21T15:31:43+00:00","breadcrumb":{"@id":"https:\/\/monacita.com\/?page_id=236#breadcrumb"},"inLanguage":"es","potentialAction":[{"@type":"ReadAction","target":["https:\/\/monacita.com\/?page_id=236"]}]},{"@type":"BreadcrumbList","@id":"https:\/\/monacita.com\/?page_id=236#breadcrumb","itemListElement":[{"@type":"ListItem","position":1,"name":"Portada","item":"https:\/\/monacita.com\/"},{"@type":"ListItem","position":2,"name":"Estudios geol\u00f3gicos TTRR","item":"https:\/\/monacita.com\/?page_id=79"},{"@type":"ListItem","position":3,"name":"Huelva"}]},{"@type":"WebSite","@id":"https:\/\/monacita.com\/#website","url":"https:\/\/monacita.com\/","name":"Monacita","description":"Estudios geol\u00f3gicos","potentialAction":[{"@type":"SearchAction","target":{"@type":"EntryPoint","urlTemplate":"https:\/\/monacita.com\/?s={search_term_string}"},"query-input":{"@type":"PropertyValueSpecification","valueRequired":true,"valueName":"search_term_string"}}],"inLanguage":"es"}]}},"_links":{"self":[{"href":"https:\/\/monacita.com\/index.php?rest_route=\/wp\/v2\/pages\/236","targetHints":{"allow":["GET"]}}],"collection":[{"href":"https:\/\/monacita.com\/index.php?rest_route=\/wp\/v2\/pages"}],"about":[{"href":"https:\/\/monacita.com\/index.php?rest_route=\/wp\/v2\/types\/page"}],"author":[{"embeddable":true,"href":"https:\/\/monacita.com\/index.php?rest_route=\/wp\/v2\/users\/1"}],"replies":[{"embeddable":true,"href":"https:\/\/monacita.com\/index.php?rest_route=%2Fwp%2Fv2%2Fcomments&post=236"}],"version-history":[{"count":9,"href":"https:\/\/monacita.com\/index.php?rest_route=\/wp\/v2\/pages\/236\/revisions"}],"predecessor-version":[{"id":567,"href":"https:\/\/monacita.com\/index.php?rest_route=\/wp\/v2\/pages\/236\/revisions\/567"}],"up":[{"embeddable":true,"href":"https:\/\/monacita.com\/index.php?rest_route=\/wp\/v2\/pages\/79"}],"wp:attachment":[{"href":"https:\/\/monacita.com\/index.php?rest_route=%2Fwp%2Fv2%2Fmedia&parent=236"}],"curies":[{"name":"wp","href":"https:\/\/api.w.org\/{rel}","templated":true}]}}