{"id":300,"date":"2019-08-22T06:41:23","date_gmt":"2019-08-22T06:41:23","guid":{"rendered":"https:\/\/monacita.com\/?page_id=300"},"modified":"2022-06-21T16:21:03","modified_gmt":"2022-06-21T15:21:03","slug":"leon-2","status":"publish","type":"page","link":"https:\/\/monacita.com\/?page_id=300","title":{"rendered":"Leon 2"},"content":{"rendered":"\t\t<div data-elementor-type=\"wp-post\" data-elementor-id=\"300\" class=\"elementor elementor-300\">\n\t\t\t\t\t\t<section class=\"elementor-section elementor-top-section elementor-element elementor-element-6c7ec22 elementor-section-boxed elementor-section-height-default elementor-section-height-default\" data-id=\"6c7ec22\" data-element_type=\"section\" data-e-type=\"section\">\n\t\t\t\t\t\t<div class=\"elementor-container elementor-column-gap-default\">\n\t\t\t\t\t<div class=\"elementor-column elementor-col-100 elementor-top-column elementor-element elementor-element-5c5329c\" data-id=\"5c5329c\" data-element_type=\"column\" data-e-type=\"column\">\n\t\t\t<div class=\"elementor-widget-wrap elementor-element-populated\">\n\t\t\t\t\t\t<div class=\"elementor-element elementor-element-810c5b7 elementor-widget elementor-widget-heading\" data-id=\"810c5b7\" data-element_type=\"widget\" data-e-type=\"widget\" data-widget_type=\"heading.default\">\n\t\t\t\t<div class=\"elementor-widget-container\">\n\t\t\t\t\t<h2 class=\"elementor-heading-title elementor-size-default\">Benavides<\/h2>\t\t\t\t<\/div>\n\t\t\t\t<\/div>\n\t\t\t\t<div class=\"elementor-element elementor-element-8bda3de elementor-widget elementor-widget-heading\" data-id=\"8bda3de\" data-element_type=\"widget\" data-e-type=\"widget\" data-widget_type=\"heading.default\">\n\t\t\t\t<div class=\"elementor-widget-container\">\n\t\t\t\t\t<h2 class=\"elementor-heading-title elementor-size-default\">Antecedentes<\/h2>\t\t\t\t<\/div>\n\t\t\t\t<\/div>\n\t\t\t\t<div class=\"elementor-element elementor-element-7a3c849 elementor-widget elementor-widget-text-editor\" data-id=\"7a3c849\" data-element_type=\"widget\" data-e-type=\"widget\" data-widget_type=\"text-editor.default\">\n\t\t\t\t<div class=\"elementor-widget-container\">\n\t\t\t\t\t\t\t\t\t<p>En los a\u00f1os 1977 y 1978 se realiz\u00f3 el proyecto de investigaci\u00f3n minera Ancares-Caurel en las provincias de Lugo y Le\u00f3n.<\/p><p>Durante la realizaci\u00f3n de este proyecto se efectuaron campa\u00f1as mineralom\u00e9tricas de reconocimiento en la Sierra de Ancares y zonas al sur de la Sierra del Teleno, en las que fue puesta de manifiesto la presencia de monacita gris con alto contenido de tierras raras.<\/p><p>Se prosiguieron los trabajos sobre monacita con la finalidad de fijar la existencia de yacimientos de inter\u00e9s economico para lo cual, los trabajos fueron encaminados en tres direcciones:<br \/>a) la estimaci\u00f3n del yacimiento de Valle de Finolledo.<br \/>b) la determinaci\u00f3n de yacimientos primarios.,<br \/>c) la exploraci\u00f3n de nuevas \u00e1reas posibles contenedores de yacimientos.<br \/>Tambi\u00e9n se realizaron an\u00e1lisis de los contenidos de tierras raras en la monacita por la J.E.N. aplicando el m\u00e9todo de activaci\u00f3n neutr\u00f3nica.<\/p><p>El proyecto Ancares-Caurel cubri\u00f3 de una forma satisfactoria los objetivos previstos destacando entre otros resultados unas \u00e1reas de condiciones favorables para proseguir la investigaci\u00f3n de yacimientos secundarios de monacita gris.<\/p>\t\t\t\t\t\t\t\t<\/div>\n\t\t\t\t<\/div>\n\t\t\t\t<div class=\"elementor-element elementor-element-225eadb elementor-widget elementor-widget-heading\" data-id=\"225eadb\" data-element_type=\"widget\" data-e-type=\"widget\" data-widget_type=\"heading.default\">\n\t\t\t\t<div class=\"elementor-widget-container\">\n\t\t\t\t\t<h2 class=\"elementor-heading-title elementor-size-default\">Conclusiones y recomendaciones<\/h2>\t\t\t\t<\/div>\n\t\t\t\t<\/div>\n\t\t\t\t<div class=\"elementor-element elementor-element-e775f8f elementor-widget elementor-widget-text-editor\" data-id=\"e775f8f\" data-element_type=\"widget\" data-e-type=\"widget\" data-widget_type=\"text-editor.default\">\n\t\t\t\t<div class=\"elementor-widget-container\">\n\t\t\t\t\t\t\t\t\t<p>La presencia de monacita gris en la mayor\u00eda de las muestras estudiadas, con gran variabilidad en sus contenidos, hace necesario para la continuaci\u00f3n de las investigaciones en este tema, estudiar un criterio econ\u00f3mico que, permita fijar una ley de monacita rentable para la explotaci\u00f3n de dep\u00f3sitos detr\u00edticos. Con este criterio se orientar\u00edan las prospecciones hacia \u00e1reas que presentaran una gama de contenidos en el entorno de esta ley.<\/p><p>El \u00e1rea de Benavides fue explorada con una campa\u00f1a de bateas en,lecho vivo en la que se recogieron 54 muestras. Los resultados han sido bastante satisfactorios lleg\u00e1ndose a detectar contenidos d\u00e9 monacita de 1.500 gr\/m3 , lo cual hace este \u00e1rea id6nea para proseguir la investigaci\u00f3n.<\/p><p>\u00a0<\/p>\t\t\t\t\t\t\t\t<\/div>\n\t\t\t\t<\/div>\n\t\t\t\t<div class=\"elementor-element elementor-element-243bc3e elementor-widget elementor-widget-heading\" data-id=\"243bc3e\" data-element_type=\"widget\" data-e-type=\"widget\" data-widget_type=\"heading.default\">\n\t\t\t\t<div class=\"elementor-widget-container\">\n\t\t\t\t\t<h2 class=\"elementor-heading-title elementor-size-default\">Descargas<\/h2>\t\t\t\t<\/div>\n\t\t\t\t<\/div>\n\t\t\t\t\t<\/div>\n\t\t<\/div>\n\t\t\t\t\t<\/div>\n\t\t<\/section>\n\t\t\t\t<section class=\"elementor-section elementor-top-section elementor-element elementor-element-f043a5b elementor-section-boxed elementor-section-height-default elementor-section-height-default\" data-id=\"f043a5b\" data-element_type=\"section\" data-e-type=\"section\">\n\t\t\t\t\t\t<div class=\"elementor-container elementor-column-gap-default\">\n\t\t\t\t\t<div class=\"elementor-column elementor-col-25 elementor-top-column elementor-element elementor-element-c4b660e\" data-id=\"c4b660e\" data-element_type=\"column\" data-e-type=\"column\">\n\t\t\t<div class=\"elementor-widget-wrap\">\n\t\t\t\t\t\t\t<\/div>\n\t\t<\/div>\n\t\t\t\t<div class=\"elementor-column elementor-col-25 elementor-top-column elementor-element elementor-element-ac047d5\" data-id=\"ac047d5\" data-element_type=\"column\" data-e-type=\"column\">\n\t\t\t<div class=\"elementor-widget-wrap elementor-element-populated\">\n\t\t\t\t\t\t<div class=\"elementor-element elementor-element-1d8b7ee elementor-view-default elementor-position-block-start elementor-mobile-position-block-start elementor-widget elementor-widget-icon-box\" data-id=\"1d8b7ee\" data-element_type=\"widget\" data-e-type=\"widget\" data-widget_type=\"icon-box.default\">\n\t\t\t\t<div class=\"elementor-widget-container\">\n\t\t\t\t\t\t\t<div class=\"elementor-icon-box-wrapper\">\n\n\t\t\t\t\t\t<div class=\"elementor-icon-box-icon\">\n\t\t\t\t<a href=\"https:\/\/monacita.com\/docs\/MEMORIA_Y_ANEXOS_LEON.pdf\" target=\"_blank\" class=\"elementor-icon\" tabindex=\"-1\" aria-label=\"Memoria y Anexos\">\n\t\t\t\t<i aria-hidden=\"true\" class=\"far fa-file-pdf\"><\/i>\t\t\t\t<\/a>\n\t\t\t<\/div>\n\t\t\t\n\t\t\t\t\t\t<div class=\"elementor-icon-box-content\">\n\n\t\t\t\t\t\t\t\t\t<h3 class=\"elementor-icon-box-title\">\n\t\t\t\t\t\t<a href=\"https:\/\/monacita.com\/docs\/MEMORIA_Y_ANEXOS_LEON.pdf\" target=\"_blank\" >\n\t\t\t\t\t\t\tMemoria y Anexos\t\t\t\t\t\t<\/a>\n\t\t\t\t\t<\/h3>\n\t\t\t\t\n\t\t\t\t\n\t\t\t<\/div>\n\t\t\t\n\t\t<\/div>\n\t\t\t\t\t\t<\/div>\n\t\t\t\t<\/div>\n\t\t\t\t\t<\/div>\n\t\t<\/div>\n\t\t\t\t<div class=\"elementor-column elementor-col-25 elementor-top-column elementor-element elementor-element-262628b\" data-id=\"262628b\" data-element_type=\"column\" data-e-type=\"column\">\n\t\t\t<div class=\"elementor-widget-wrap elementor-element-populated\">\n\t\t\t\t\t\t<div class=\"elementor-element elementor-element-0bcb2db elementor-view-default elementor-position-block-start elementor-mobile-position-block-start elementor-widget elementor-widget-icon-box\" data-id=\"0bcb2db\" data-element_type=\"widget\" data-e-type=\"widget\" data-widget_type=\"icon-box.default\">\n\t\t\t\t<div class=\"elementor-widget-container\">\n\t\t\t\t\t\t\t<div class=\"elementor-icon-box-wrapper\">\n\n\t\t\t\t\t\t<div class=\"elementor-icon-box-icon\">\n\t\t\t\t<a href=\"https:\/\/monacita.com\/docs\/PLANOS_LEON.pdf\" target=\"_blank\" class=\"elementor-icon\" tabindex=\"-1\" aria-label=\"Planos\">\n\t\t\t\t<i aria-hidden=\"true\" class=\"far fa-file-pdf\"><\/i>\t\t\t\t<\/a>\n\t\t\t<\/div>\n\t\t\t\n\t\t\t\t\t\t<div class=\"elementor-icon-box-content\">\n\n\t\t\t\t\t\t\t\t\t<h3 class=\"elementor-icon-box-title\">\n\t\t\t\t\t\t<a href=\"https:\/\/monacita.com\/docs\/PLANOS_LEON.pdf\" target=\"_blank\" >\n\t\t\t\t\t\t\tPlanos\t\t\t\t\t\t<\/a>\n\t\t\t\t\t<\/h3>\n\t\t\t\t\n\t\t\t\t\n\t\t\t<\/div>\n\t\t\t\n\t\t<\/div>\n\t\t\t\t\t\t<\/div>\n\t\t\t\t<\/div>\n\t\t\t\t\t<\/div>\n\t\t<\/div>\n\t\t\t\t<div class=\"elementor-column elementor-col-25 elementor-top-column elementor-element elementor-element-0d6a707\" data-id=\"0d6a707\" data-element_type=\"column\" data-e-type=\"column\">\n\t\t\t<div class=\"elementor-widget-wrap\">\n\t\t\t\t\t\t\t<\/div>\n\t\t<\/div>\n\t\t\t\t\t<\/div>\n\t\t<\/section>\n\t\t\t\t<section class=\"elementor-section elementor-top-section elementor-element elementor-element-51e211da elementor-section-boxed elementor-section-height-default elementor-section-height-default\" data-id=\"51e211da\" data-element_type=\"section\" data-e-type=\"section\" data-settings=\"{&quot;background_background&quot;:&quot;classic&quot;,&quot;shape_divider_top&quot;:&quot;curve&quot;,&quot;shape_divider_top_negative&quot;:&quot;yes&quot;}\">\n\t\t\t\t\t\t\t<div class=\"elementor-background-overlay\"><\/div>\n\t\t\t\t\t\t<div class=\"elementor-shape elementor-shape-top\" aria-hidden=\"true\" data-negative=\"true\">\n\t\t\t<svg xmlns=\"http:\/\/www.w3.org\/2000\/svg\" viewBox=\"0 0 1000 100\" preserveAspectRatio=\"none\">\n\t<path class=\"elementor-shape-fill\" d=\"M500,97C126.7,96.3,0.8,19.8,0,0v100l1000,0V1C1000,19.4,873.3,97.8,500,97z\"\/>\n<\/svg>\t\t<\/div>\n\t\t\t\t\t<div class=\"elementor-container elementor-column-gap-default\">\n\t\t\t\t\t<div class=\"elementor-column elementor-col-33 elementor-top-column elementor-element elementor-element-1052c04\" data-id=\"1052c04\" data-element_type=\"column\" data-e-type=\"column\">\n\t\t\t<div class=\"elementor-widget-wrap\">\n\t\t\t\t\t\t\t<\/div>\n\t\t<\/div>\n\t\t\t\t<div class=\"elementor-column elementor-col-33 elementor-top-column elementor-element elementor-element-43186788\" data-id=\"43186788\" data-element_type=\"column\" data-e-type=\"column\">\n\t\t\t<div class=\"elementor-widget-wrap elementor-element-populated\">\n\t\t\t\t\t\t<div class=\"elementor-element elementor-element-b65497a elementor-view-default elementor-position-block-start elementor-mobile-position-block-start elementor-widget elementor-widget-icon-box\" data-id=\"b65497a\" data-element_type=\"widget\" data-e-type=\"widget\" data-widget_type=\"icon-box.default\">\n\t\t\t\t<div class=\"elementor-widget-container\">\n\t\t\t\t\t\t\t<div class=\"elementor-icon-box-wrapper\">\n\n\t\t\t\t\t\t<div class=\"elementor-icon-box-icon\">\n\t\t\t\t<span  class=\"elementor-icon\">\n\t\t\t\t<i aria-hidden=\"true\" class=\"fas fa-mail-bulk\"><\/i>\t\t\t\t<\/span>\n\t\t\t<\/div>\n\t\t\t\n\t\t\t\t\t\t<div class=\"elementor-icon-box-content\">\n\n\t\t\t\t\t\t\t\t\t<h5 class=\"elementor-icon-box-title\">\n\t\t\t\t\t\t<span  >\n\t\t\t\t\t\t\tinfo@monacita.com\t\t\t\t\t\t<\/span>\n\t\t\t\t\t<\/h5>\n\t\t\t\t\n\t\t\t\t\n\t\t\t<\/div>\n\t\t\t\n\t\t<\/div>\n\t\t\t\t\t\t<\/div>\n\t\t\t\t<\/div>\n\t\t\t\t\t<\/div>\n\t\t<\/div>\n\t\t\t\t<div class=\"elementor-column elementor-col-33 elementor-top-column elementor-element elementor-element-5b38752\" data-id=\"5b38752\" data-element_type=\"column\" data-e-type=\"column\">\n\t\t\t<div class=\"elementor-widget-wrap\">\n\t\t\t\t\t\t\t<\/div>\n\t\t<\/div>\n\t\t\t\t\t<\/div>\n\t\t<\/section>\n\t\t\t\t<\/div>\n\t\t","protected":false},"excerpt":{"rendered":"<p>Benavides Antecedentes En los a\u00f1os 1977 y 1978 se realiz\u00f3 el proyecto de investigaci\u00f3n minera Ancares-Caurel en las provincias de Lugo y Le\u00f3n. Durante la realizaci\u00f3n de este proyecto se efectuaron campa\u00f1as mineralom\u00e9tricas de reconocimiento en la Sierra de Ancares y zonas al sur de la Sierra del Teleno, en las que fue puesta de [&hellip;]<\/p>\n","protected":false},"author":1,"featured_media":0,"parent":79,"menu_order":3,"comment_status":"closed","ping_status":"closed","template":"","meta":{"footnotes":""},"class_list":["post-300","page","type-page","status-publish","hentry"],"yoast_head":"<!-- This site is optimized with the Yoast SEO plugin v27.5 - https:\/\/yoast.com\/product\/yoast-seo-wordpress\/ -->\n<title>Leon 2 - Monacita<\/title>\n<meta name=\"robots\" content=\"index, follow, max-snippet:-1, max-image-preview:large, max-video-preview:-1\" \/>\n<link rel=\"canonical\" href=\"https:\/\/monacita.com\/?page_id=300\" \/>\n<meta property=\"og:locale\" content=\"es_ES\" \/>\n<meta property=\"og:type\" content=\"article\" \/>\n<meta property=\"og:title\" content=\"Leon 2 - Monacita\" \/>\n<meta property=\"og:description\" content=\"Benavides Antecedentes En los a\u00f1os 1977 y 1978 se realiz\u00f3 el proyecto de investigaci\u00f3n minera Ancares-Caurel en las provincias de Lugo y Le\u00f3n. Durante la realizaci\u00f3n de este proyecto se efectuaron campa\u00f1as mineralom\u00e9tricas de reconocimiento en la Sierra de Ancares y zonas al sur de la Sierra del Teleno, en las que fue puesta de [&hellip;]\" \/>\n<meta property=\"og:url\" content=\"https:\/\/monacita.com\/?page_id=300\" \/>\n<meta property=\"og:site_name\" content=\"Monacita\" \/>\n<meta property=\"article:modified_time\" content=\"2022-06-21T15:21:03+00:00\" \/>\n<meta name=\"twitter:card\" content=\"summary_large_image\" \/>\n<meta name=\"twitter:label1\" content=\"Tiempo de lectura\" \/>\n\t<meta name=\"twitter:data1\" content=\"2 minutos\" \/>\n<script type=\"application\/ld+json\" class=\"yoast-schema-graph\">{\"@context\":\"https:\\\/\\\/schema.org\",\"@graph\":[{\"@type\":\"WebPage\",\"@id\":\"https:\\\/\\\/monacita.com\\\/?page_id=300\",\"url\":\"https:\\\/\\\/monacita.com\\\/?page_id=300\",\"name\":\"Leon 2 - Monacita\",\"isPartOf\":{\"@id\":\"https:\\\/\\\/monacita.com\\\/#website\"},\"datePublished\":\"2019-08-22T06:41:23+00:00\",\"dateModified\":\"2022-06-21T15:21:03+00:00\",\"breadcrumb\":{\"@id\":\"https:\\\/\\\/monacita.com\\\/?page_id=300#breadcrumb\"},\"inLanguage\":\"es\",\"potentialAction\":[{\"@type\":\"ReadAction\",\"target\":[\"https:\\\/\\\/monacita.com\\\/?page_id=300\"]}]},{\"@type\":\"BreadcrumbList\",\"@id\":\"https:\\\/\\\/monacita.com\\\/?page_id=300#breadcrumb\",\"itemListElement\":[{\"@type\":\"ListItem\",\"position\":1,\"name\":\"Portada\",\"item\":\"https:\\\/\\\/monacita.com\\\/\"},{\"@type\":\"ListItem\",\"position\":2,\"name\":\"Estudios geol\u00f3gicos TTRR\",\"item\":\"https:\\\/\\\/monacita.com\\\/?page_id=79\"},{\"@type\":\"ListItem\",\"position\":3,\"name\":\"Leon 2\"}]},{\"@type\":\"WebSite\",\"@id\":\"https:\\\/\\\/monacita.com\\\/#website\",\"url\":\"https:\\\/\\\/monacita.com\\\/\",\"name\":\"Monacita\",\"description\":\"Estudios geol\u00f3gicos\",\"potentialAction\":[{\"@type\":\"SearchAction\",\"target\":{\"@type\":\"EntryPoint\",\"urlTemplate\":\"https:\\\/\\\/monacita.com\\\/?s={search_term_string}\"},\"query-input\":{\"@type\":\"PropertyValueSpecification\",\"valueRequired\":true,\"valueName\":\"search_term_string\"}}],\"inLanguage\":\"es\"}]}<\/script>\n<!-- \/ Yoast SEO plugin. -->","yoast_head_json":{"title":"Leon 2 - Monacita","robots":{"index":"index","follow":"follow","max-snippet":"max-snippet:-1","max-image-preview":"max-image-preview:large","max-video-preview":"max-video-preview:-1"},"canonical":"https:\/\/monacita.com\/?page_id=300","og_locale":"es_ES","og_type":"article","og_title":"Leon 2 - Monacita","og_description":"Benavides Antecedentes En los a\u00f1os 1977 y 1978 se realiz\u00f3 el proyecto de investigaci\u00f3n minera Ancares-Caurel en las provincias de Lugo y Le\u00f3n. Durante la realizaci\u00f3n de este proyecto se efectuaron campa\u00f1as mineralom\u00e9tricas de reconocimiento en la Sierra de Ancares y zonas al sur de la Sierra del Teleno, en las que fue puesta de [&hellip;]","og_url":"https:\/\/monacita.com\/?page_id=300","og_site_name":"Monacita","article_modified_time":"2022-06-21T15:21:03+00:00","twitter_card":"summary_large_image","twitter_misc":{"Tiempo de lectura":"2 minutos"},"schema":{"@context":"https:\/\/schema.org","@graph":[{"@type":"WebPage","@id":"https:\/\/monacita.com\/?page_id=300","url":"https:\/\/monacita.com\/?page_id=300","name":"Leon 2 - Monacita","isPartOf":{"@id":"https:\/\/monacita.com\/#website"},"datePublished":"2019-08-22T06:41:23+00:00","dateModified":"2022-06-21T15:21:03+00:00","breadcrumb":{"@id":"https:\/\/monacita.com\/?page_id=300#breadcrumb"},"inLanguage":"es","potentialAction":[{"@type":"ReadAction","target":["https:\/\/monacita.com\/?page_id=300"]}]},{"@type":"BreadcrumbList","@id":"https:\/\/monacita.com\/?page_id=300#breadcrumb","itemListElement":[{"@type":"ListItem","position":1,"name":"Portada","item":"https:\/\/monacita.com\/"},{"@type":"ListItem","position":2,"name":"Estudios geol\u00f3gicos TTRR","item":"https:\/\/monacita.com\/?page_id=79"},{"@type":"ListItem","position":3,"name":"Leon 2"}]},{"@type":"WebSite","@id":"https:\/\/monacita.com\/#website","url":"https:\/\/monacita.com\/","name":"Monacita","description":"Estudios geol\u00f3gicos","potentialAction":[{"@type":"SearchAction","target":{"@type":"EntryPoint","urlTemplate":"https:\/\/monacita.com\/?s={search_term_string}"},"query-input":{"@type":"PropertyValueSpecification","valueRequired":true,"valueName":"search_term_string"}}],"inLanguage":"es"}]}},"_links":{"self":[{"href":"https:\/\/monacita.com\/index.php?rest_route=\/wp\/v2\/pages\/300","targetHints":{"allow":["GET"]}}],"collection":[{"href":"https:\/\/monacita.com\/index.php?rest_route=\/wp\/v2\/pages"}],"about":[{"href":"https:\/\/monacita.com\/index.php?rest_route=\/wp\/v2\/types\/page"}],"author":[{"embeddable":true,"href":"https:\/\/monacita.com\/index.php?rest_route=\/wp\/v2\/users\/1"}],"replies":[{"embeddable":true,"href":"https:\/\/monacita.com\/index.php?rest_route=%2Fwp%2Fv2%2Fcomments&post=300"}],"version-history":[{"count":13,"href":"https:\/\/monacita.com\/index.php?rest_route=\/wp\/v2\/pages\/300\/revisions"}],"predecessor-version":[{"id":554,"href":"https:\/\/monacita.com\/index.php?rest_route=\/wp\/v2\/pages\/300\/revisions\/554"}],"up":[{"embeddable":true,"href":"https:\/\/monacita.com\/index.php?rest_route=\/wp\/v2\/pages\/79"}],"wp:attachment":[{"href":"https:\/\/monacita.com\/index.php?rest_route=%2Fwp%2Fv2%2Fmedia&parent=300"}],"curies":[{"name":"wp","href":"https:\/\/api.w.org\/{rel}","templated":true}]}}