{"id":385,"date":"2019-08-30T16:45:21","date_gmt":"2019-08-30T16:45:21","guid":{"rendered":"https:\/\/monacita.com\/?page_id=385"},"modified":"2022-06-21T16:34:36","modified_gmt":"2022-06-21T15:34:36","slug":"extremadura","status":"publish","type":"page","link":"https:\/\/monacita.com\/?page_id=385","title":{"rendered":"Extremadura"},"content":{"rendered":"\t\t<div data-elementor-type=\"wp-post\" data-elementor-id=\"385\" class=\"elementor elementor-385\">\n\t\t\t\t\t\t<section class=\"elementor-section elementor-top-section elementor-element elementor-element-4b0b3592 elementor-section-boxed elementor-section-height-default elementor-section-height-default\" data-id=\"4b0b3592\" data-element_type=\"section\" data-e-type=\"section\">\n\t\t\t\t\t\t<div class=\"elementor-container elementor-column-gap-default\">\n\t\t\t\t\t<div class=\"elementor-column elementor-col-100 elementor-top-column elementor-element elementor-element-497a0b37\" data-id=\"497a0b37\" data-element_type=\"column\" data-e-type=\"column\">\n\t\t\t<div class=\"elementor-widget-wrap elementor-element-populated\">\n\t\t\t\t\t\t<div class=\"elementor-element elementor-element-595dd2fb elementor-widget elementor-widget-heading\" data-id=\"595dd2fb\" data-element_type=\"widget\" data-e-type=\"widget\" data-widget_type=\"heading.default\">\n\t\t\t\t<div class=\"elementor-widget-container\">\n\t\t\t\t\t<h2 class=\"elementor-heading-title elementor-size-default\">Sierra de San Pedro<\/h2>\t\t\t\t<\/div>\n\t\t\t\t<\/div>\n\t\t\t\t<div class=\"elementor-element elementor-element-462fe439 elementor-widget elementor-widget-heading\" data-id=\"462fe439\" data-element_type=\"widget\" data-e-type=\"widget\" data-widget_type=\"heading.default\">\n\t\t\t\t<div class=\"elementor-widget-container\">\n\t\t\t\t\t<h2 class=\"elementor-heading-title elementor-size-default\">Introducci\u00f3n<\/h2>\t\t\t\t<\/div>\n\t\t\t\t<\/div>\n\t\t\t\t<div class=\"elementor-element elementor-element-4da45618 elementor-widget elementor-widget-text-editor\" data-id=\"4da45618\" data-element_type=\"widget\" data-e-type=\"widget\" data-widget_type=\"text-editor.default\">\n\t\t\t\t<div class=\"elementor-widget-container\">\n\t\t\t\t\t\t\t\t\t<p>El esta\u00f1o y el volframio est\u00e1n considerados como sustancias prioritarias en el Plan Nacional de Abastecimiento de Materias Primas No\u00a0 Energ\u00e9ticas, no s\u00f3lo por su relativa escasez mundial y por sus aplicaciones espec\u00edficas, sino tambi\u00e9n por el aumento constante de la demanda que est\u00e1n siendo objeto en los \u00faltimos tiempos.<\/p><p>El Plan, se\u00f1ala as\u00ed mismo el Oeste de la Meseta (Zamora, Salamanca, C\u00e1ceres y Badajoz) como regi\u00f3n que, aparte de ser una de las\u00a0 prometedoras para la b\u00fasqueda de yacimientos, es adem\u00e1s, una de las que por razones socio-econ\u00f3micas debe ser reactivada.<\/p><p>En la zona que abarca el Proyecto existe una Reserva para el Estado solicitada por el I.G.M.E., llamada \u00abSubsector XIII \u00c1rea 1\u00bb, una inscripci\u00f3n para Reserva provisional con el nombre de \u00abObando\u00bb el n\u00ba 85 y la Reserva provisional llamada \u00abSubsector XII \u00c1rea 1\u00bb<\/p><p>El presente estudio se ha realizado bajo proyecto y direcci\u00f3n del Instituto Geol\u00f3gico y Minero de Espa\u00f1a, durante los a\u00f1os 1978 y 1979.<\/p>\t\t\t\t\t\t\t\t<\/div>\n\t\t\t\t<\/div>\n\t\t\t\t<div class=\"elementor-element elementor-element-3c3272e0 elementor-widget elementor-widget-heading\" data-id=\"3c3272e0\" data-element_type=\"widget\" data-e-type=\"widget\" data-widget_type=\"heading.default\">\n\t\t\t\t<div class=\"elementor-widget-container\">\n\t\t\t\t\t<h2 class=\"elementor-heading-title elementor-size-default\">Conclusiones<\/h2>\t\t\t\t<\/div>\n\t\t\t\t<\/div>\n\t\t\t\t<div class=\"elementor-element elementor-element-a58ada7 elementor-widget elementor-widget-text-editor\" data-id=\"a58ada7\" data-element_type=\"widget\" data-e-type=\"widget\" data-widget_type=\"text-editor.default\">\n\t\t\t\t<div class=\"elementor-widget-container\">\n\t\t\t\t\t\t\t\t\t<p>A la vista de todo lo expuesto se puede afirmar, como conclusi\u00f3n del presente estudio, que:<br \/>1\u00ba) Las escombreras existentes, beneficiadas o no con anterioridad, muestran en la actualidad leyes puntuales interesantes que permiten presumir un rendimiento global rentable.<br \/>2\u00ba) Existen dudas razonables de que lo extra\u00eddo durante la \u00e9poca de trabajos constituya la totalidad de los recursos minerales del yacimiento, tanto primario, como secundario, por lo que hay un porcentaje alto de probabilidades de descubrir, mediante una investigaci\u00f3n racional, nuevas concentraciones susceptibles de explotaci\u00f3n.<\/p><p>Consecuentemente-se recomienda:<br \/>1\u00ba).Efectuar un demuestre sistem\u00e1tico y cubicaci\u00f3n de las escombreras en base a determinar su potencial minero.<br \/>2\u00ba) Limpiar y posteriormente estudiar en detalle las labores a fin, de determinar apoyados en estudios de muestras claves, los controles tanto geol\u00f3gicos como metalog\u00e9nicos, de la mineralizaci\u00f3n primaria.<br \/>3\u00ba) Estudiar en profundidad las depresiones localizadas al Este y Oeste del Cerro El Sext\u00edl, con objeto de determinar espesores y posibles niveles deposicionales con enriquecimiento en casiterita.<\/p>\t\t\t\t\t\t\t\t<\/div>\n\t\t\t\t<\/div>\n\t\t\t\t<div class=\"elementor-element elementor-element-317b6d48 elementor-widget elementor-widget-heading\" data-id=\"317b6d48\" data-element_type=\"widget\" data-e-type=\"widget\" data-widget_type=\"heading.default\">\n\t\t\t\t<div class=\"elementor-widget-container\">\n\t\t\t\t\t<h2 class=\"elementor-heading-title elementor-size-default\">Descargas<\/h2>\t\t\t\t<\/div>\n\t\t\t\t<\/div>\n\t\t\t\t\t<\/div>\n\t\t<\/div>\n\t\t\t\t\t<\/div>\n\t\t<\/section>\n\t\t\t\t<section class=\"elementor-section elementor-top-section elementor-element elementor-element-66a9c785 elementor-section-boxed elementor-section-height-default elementor-section-height-default\" data-id=\"66a9c785\" data-element_type=\"section\" data-e-type=\"section\">\n\t\t\t\t\t\t<div class=\"elementor-container elementor-column-gap-default\">\n\t\t\t\t\t<div class=\"elementor-column elementor-col-25 elementor-top-column elementor-element elementor-element-31300a07\" data-id=\"31300a07\" data-element_type=\"column\" data-e-type=\"column\">\n\t\t\t<div class=\"elementor-widget-wrap elementor-element-populated\">\n\t\t\t\t\t\t<div class=\"elementor-element elementor-element-1ae56cbd elementor-view-default elementor-position-block-start elementor-mobile-position-block-start elementor-widget elementor-widget-icon-box\" data-id=\"1ae56cbd\" data-element_type=\"widget\" data-e-type=\"widget\" data-widget_type=\"icon-box.default\">\n\t\t\t\t<div class=\"elementor-widget-container\">\n\t\t\t\t\t\t\t<div class=\"elementor-icon-box-wrapper\">\n\n\t\t\t\t\t\t<div class=\"elementor-icon-box-icon\">\n\t\t\t\t<a href=\"https:\/\/monacita.com\/docs\/MEMORIA_EXTREMADURA.pdf\" target=\"_blank\" class=\"elementor-icon\" tabindex=\"-1\" aria-label=\"Memoria\">\n\t\t\t\t<i aria-hidden=\"true\" class=\"far fa-file-pdf\"><\/i>\t\t\t\t<\/a>\n\t\t\t<\/div>\n\t\t\t\n\t\t\t\t\t\t<div class=\"elementor-icon-box-content\">\n\n\t\t\t\t\t\t\t\t\t<h3 class=\"elementor-icon-box-title\">\n\t\t\t\t\t\t<a href=\"https:\/\/monacita.com\/docs\/MEMORIA_EXTREMADURA.pdf\" target=\"_blank\" >\n\t\t\t\t\t\t\tMemoria\t\t\t\t\t\t<\/a>\n\t\t\t\t\t<\/h3>\n\t\t\t\t\n\t\t\t\t\n\t\t\t<\/div>\n\t\t\t\n\t\t<\/div>\n\t\t\t\t\t\t<\/div>\n\t\t\t\t<\/div>\n\t\t\t\t\t<\/div>\n\t\t<\/div>\n\t\t\t\t<div class=\"elementor-column elementor-col-25 elementor-top-column elementor-element elementor-element-2968a4e8\" data-id=\"2968a4e8\" data-element_type=\"column\" data-e-type=\"column\">\n\t\t\t<div class=\"elementor-widget-wrap elementor-element-populated\">\n\t\t\t\t\t\t<div class=\"elementor-element elementor-element-77e27dbd elementor-view-default elementor-position-block-start elementor-mobile-position-block-start elementor-widget elementor-widget-icon-box\" data-id=\"77e27dbd\" data-element_type=\"widget\" data-e-type=\"widget\" data-widget_type=\"icon-box.default\">\n\t\t\t\t<div class=\"elementor-widget-container\">\n\t\t\t\t\t\t\t<div class=\"elementor-icon-box-wrapper\">\n\n\t\t\t\t\t\t<div class=\"elementor-icon-box-icon\">\n\t\t\t\t<a href=\"https:\/\/monacita.com\/docs\/ANEXO_1_EXTREMADURA.pdf\" target=\"_blank\" class=\"elementor-icon\" tabindex=\"-1\" aria-label=\"Anexo I\">\n\t\t\t\t<i aria-hidden=\"true\" class=\"far fa-file-pdf\"><\/i>\t\t\t\t<\/a>\n\t\t\t<\/div>\n\t\t\t\n\t\t\t\t\t\t<div class=\"elementor-icon-box-content\">\n\n\t\t\t\t\t\t\t\t\t<h3 class=\"elementor-icon-box-title\">\n\t\t\t\t\t\t<a href=\"https:\/\/monacita.com\/docs\/ANEXO_1_EXTREMADURA.pdf\" target=\"_blank\" >\n\t\t\t\t\t\t\tAnexo I\t\t\t\t\t\t<\/a>\n\t\t\t\t\t<\/h3>\n\t\t\t\t\n\t\t\t\t\n\t\t\t<\/div>\n\t\t\t\n\t\t<\/div>\n\t\t\t\t\t\t<\/div>\n\t\t\t\t<\/div>\n\t\t\t\t\t<\/div>\n\t\t<\/div>\n\t\t\t\t<div class=\"elementor-column elementor-col-25 elementor-top-column elementor-element elementor-element-646f0e87\" data-id=\"646f0e87\" data-element_type=\"column\" data-e-type=\"column\">\n\t\t\t<div class=\"elementor-widget-wrap elementor-element-populated\">\n\t\t\t\t\t\t<div class=\"elementor-element elementor-element-61509a18 elementor-view-default elementor-position-block-start elementor-mobile-position-block-start elementor-widget elementor-widget-icon-box\" data-id=\"61509a18\" data-element_type=\"widget\" data-e-type=\"widget\" data-widget_type=\"icon-box.default\">\n\t\t\t\t<div class=\"elementor-widget-container\">\n\t\t\t\t\t\t\t<div class=\"elementor-icon-box-wrapper\">\n\n\t\t\t\t\t\t<div class=\"elementor-icon-box-icon\">\n\t\t\t\t<a href=\"https:\/\/monacita.com\/docs\/ANEXO_2_EXTREMADURA.pdf\" target=\"_blank\" class=\"elementor-icon\" tabindex=\"-1\" aria-label=\"Anexo II\">\n\t\t\t\t<i aria-hidden=\"true\" class=\"far fa-file-pdf\"><\/i>\t\t\t\t<\/a>\n\t\t\t<\/div>\n\t\t\t\n\t\t\t\t\t\t<div class=\"elementor-icon-box-content\">\n\n\t\t\t\t\t\t\t\t\t<h3 class=\"elementor-icon-box-title\">\n\t\t\t\t\t\t<a href=\"https:\/\/monacita.com\/docs\/ANEXO_2_EXTREMADURA.pdf\" target=\"_blank\" >\n\t\t\t\t\t\t\tAnexo II\t\t\t\t\t\t<\/a>\n\t\t\t\t\t<\/h3>\n\t\t\t\t\n\t\t\t\t\n\t\t\t<\/div>\n\t\t\t\n\t\t<\/div>\n\t\t\t\t\t\t<\/div>\n\t\t\t\t<\/div>\n\t\t\t\t\t<\/div>\n\t\t<\/div>\n\t\t\t\t<div class=\"elementor-column elementor-col-25 elementor-top-column elementor-element elementor-element-1528b317\" data-id=\"1528b317\" data-element_type=\"column\" data-e-type=\"column\">\n\t\t\t<div class=\"elementor-widget-wrap elementor-element-populated\">\n\t\t\t\t\t\t<div class=\"elementor-element elementor-element-78890558 elementor-view-default elementor-position-block-start elementor-mobile-position-block-start elementor-widget elementor-widget-icon-box\" data-id=\"78890558\" data-element_type=\"widget\" data-e-type=\"widget\" data-widget_type=\"icon-box.default\">\n\t\t\t\t<div class=\"elementor-widget-container\">\n\t\t\t\t\t\t\t<div class=\"elementor-icon-box-wrapper\">\n\n\t\t\t\t\t\t<div class=\"elementor-icon-box-icon\">\n\t\t\t\t<a href=\"https:\/\/monacita.com\/docs\/PLANOS_EXTREMADURA.pdf\" target=\"_blank\" class=\"elementor-icon\" tabindex=\"-1\" aria-label=\"Planos\">\n\t\t\t\t<i aria-hidden=\"true\" class=\"far fa-file-pdf\"><\/i>\t\t\t\t<\/a>\n\t\t\t<\/div>\n\t\t\t\n\t\t\t\t\t\t<div class=\"elementor-icon-box-content\">\n\n\t\t\t\t\t\t\t\t\t<h3 class=\"elementor-icon-box-title\">\n\t\t\t\t\t\t<a href=\"https:\/\/monacita.com\/docs\/PLANOS_EXTREMADURA.pdf\" target=\"_blank\" >\n\t\t\t\t\t\t\tPlanos\t\t\t\t\t\t<\/a>\n\t\t\t\t\t<\/h3>\n\t\t\t\t\n\t\t\t\t\n\t\t\t<\/div>\n\t\t\t\n\t\t<\/div>\n\t\t\t\t\t\t<\/div>\n\t\t\t\t<\/div>\n\t\t\t\t\t<\/div>\n\t\t<\/div>\n\t\t\t\t\t<\/div>\n\t\t<\/section>\n\t\t\t\t<section class=\"elementor-section elementor-top-section elementor-element elementor-element-610acd5a elementor-section-boxed elementor-section-height-default elementor-section-height-default\" data-id=\"610acd5a\" data-element_type=\"section\" data-e-type=\"section\" data-settings=\"{&quot;background_background&quot;:&quot;classic&quot;,&quot;shape_divider_top&quot;:&quot;curve&quot;,&quot;shape_divider_top_negative&quot;:&quot;yes&quot;}\">\n\t\t\t\t\t\t\t<div class=\"elementor-background-overlay\"><\/div>\n\t\t\t\t\t\t<div class=\"elementor-shape elementor-shape-top\" aria-hidden=\"true\" data-negative=\"true\">\n\t\t\t<svg xmlns=\"http:\/\/www.w3.org\/2000\/svg\" viewBox=\"0 0 1000 100\" preserveAspectRatio=\"none\">\n\t<path class=\"elementor-shape-fill\" d=\"M500,97C126.7,96.3,0.8,19.8,0,0v100l1000,0V1C1000,19.4,873.3,97.8,500,97z\"\/>\n<\/svg>\t\t<\/div>\n\t\t\t\t\t<div class=\"elementor-container elementor-column-gap-default\">\n\t\t\t\t\t<div class=\"elementor-column elementor-col-33 elementor-top-column elementor-element elementor-element-1bc1842b\" data-id=\"1bc1842b\" data-element_type=\"column\" data-e-type=\"column\">\n\t\t\t<div class=\"elementor-widget-wrap\">\n\t\t\t\t\t\t\t<\/div>\n\t\t<\/div>\n\t\t\t\t<div class=\"elementor-column elementor-col-33 elementor-top-column elementor-element elementor-element-3e9235ea\" data-id=\"3e9235ea\" data-element_type=\"column\" data-e-type=\"column\">\n\t\t\t<div class=\"elementor-widget-wrap elementor-element-populated\">\n\t\t\t\t\t\t<div class=\"elementor-element elementor-element-64dae6cb elementor-view-default elementor-position-block-start elementor-mobile-position-block-start elementor-widget elementor-widget-icon-box\" data-id=\"64dae6cb\" data-element_type=\"widget\" data-e-type=\"widget\" data-widget_type=\"icon-box.default\">\n\t\t\t\t<div class=\"elementor-widget-container\">\n\t\t\t\t\t\t\t<div class=\"elementor-icon-box-wrapper\">\n\n\t\t\t\t\t\t<div class=\"elementor-icon-box-icon\">\n\t\t\t\t<span  class=\"elementor-icon\">\n\t\t\t\t<i aria-hidden=\"true\" class=\"fas fa-mail-bulk\"><\/i>\t\t\t\t<\/span>\n\t\t\t<\/div>\n\t\t\t\n\t\t\t\t\t\t<div class=\"elementor-icon-box-content\">\n\n\t\t\t\t\t\t\t\t\t<h5 class=\"elementor-icon-box-title\">\n\t\t\t\t\t\t<span  >\n\t\t\t\t\t\t\tinfo@monacita.com\t\t\t\t\t\t<\/span>\n\t\t\t\t\t<\/h5>\n\t\t\t\t\n\t\t\t\t\n\t\t\t<\/div>\n\t\t\t\n\t\t<\/div>\n\t\t\t\t\t\t<\/div>\n\t\t\t\t<\/div>\n\t\t\t\t\t<\/div>\n\t\t<\/div>\n\t\t\t\t<div class=\"elementor-column elementor-col-33 elementor-top-column elementor-element elementor-element-101831e9\" data-id=\"101831e9\" data-element_type=\"column\" data-e-type=\"column\">\n\t\t\t<div class=\"elementor-widget-wrap\">\n\t\t\t\t\t\t\t<\/div>\n\t\t<\/div>\n\t\t\t\t\t<\/div>\n\t\t<\/section>\n\t\t\t\t<\/div>\n\t\t","protected":false},"excerpt":{"rendered":"<p>Sierra de San Pedro Introducci\u00f3n El esta\u00f1o y el volframio est\u00e1n considerados como sustancias prioritarias en el Plan Nacional de Abastecimiento de Materias Primas No\u00a0 Energ\u00e9ticas, no s\u00f3lo por su relativa escasez mundial y por sus aplicaciones espec\u00edficas, sino tambi\u00e9n por el aumento constante de la demanda que est\u00e1n siendo objeto en los \u00faltimos tiempos. [&hellip;]<\/p>\n","protected":false},"author":1,"featured_media":0,"parent":79,"menu_order":10,"comment_status":"closed","ping_status":"closed","template":"","meta":{"footnotes":""},"class_list":["post-385","page","type-page","status-publish","hentry"],"yoast_head":"<!-- This site is optimized with the Yoast SEO plugin v27.5 - https:\/\/yoast.com\/product\/yoast-seo-wordpress\/ -->\n<title>Extremadura - Monacita<\/title>\n<meta name=\"robots\" content=\"index, follow, max-snippet:-1, max-image-preview:large, max-video-preview:-1\" \/>\n<link rel=\"canonical\" href=\"https:\/\/monacita.com\/?page_id=385\" \/>\n<meta property=\"og:locale\" content=\"es_ES\" \/>\n<meta property=\"og:type\" content=\"article\" \/>\n<meta property=\"og:title\" content=\"Extremadura - Monacita\" \/>\n<meta property=\"og:description\" content=\"Sierra de San Pedro Introducci\u00f3n El esta\u00f1o y el volframio est\u00e1n considerados como sustancias prioritarias en el Plan Nacional de Abastecimiento de Materias Primas No\u00a0 Energ\u00e9ticas, no s\u00f3lo por su relativa escasez mundial y por sus aplicaciones espec\u00edficas, sino tambi\u00e9n por el aumento constante de la demanda que est\u00e1n siendo objeto en los \u00faltimos tiempos. [&hellip;]\" \/>\n<meta property=\"og:url\" content=\"https:\/\/monacita.com\/?page_id=385\" \/>\n<meta property=\"og:site_name\" content=\"Monacita\" \/>\n<meta property=\"article:modified_time\" content=\"2022-06-21T15:34:36+00:00\" \/>\n<meta name=\"twitter:card\" content=\"summary_large_image\" \/>\n<meta name=\"twitter:label1\" content=\"Tiempo de lectura\" \/>\n\t<meta name=\"twitter:data1\" content=\"2 minutos\" \/>\n<script type=\"application\/ld+json\" class=\"yoast-schema-graph\">{\"@context\":\"https:\\\/\\\/schema.org\",\"@graph\":[{\"@type\":\"WebPage\",\"@id\":\"https:\\\/\\\/monacita.com\\\/?page_id=385\",\"url\":\"https:\\\/\\\/monacita.com\\\/?page_id=385\",\"name\":\"Extremadura - Monacita\",\"isPartOf\":{\"@id\":\"https:\\\/\\\/monacita.com\\\/#website\"},\"datePublished\":\"2019-08-30T16:45:21+00:00\",\"dateModified\":\"2022-06-21T15:34:36+00:00\",\"breadcrumb\":{\"@id\":\"https:\\\/\\\/monacita.com\\\/?page_id=385#breadcrumb\"},\"inLanguage\":\"es\",\"potentialAction\":[{\"@type\":\"ReadAction\",\"target\":[\"https:\\\/\\\/monacita.com\\\/?page_id=385\"]}]},{\"@type\":\"BreadcrumbList\",\"@id\":\"https:\\\/\\\/monacita.com\\\/?page_id=385#breadcrumb\",\"itemListElement\":[{\"@type\":\"ListItem\",\"position\":1,\"name\":\"Portada\",\"item\":\"https:\\\/\\\/monacita.com\\\/\"},{\"@type\":\"ListItem\",\"position\":2,\"name\":\"Estudios geol\u00f3gicos TTRR\",\"item\":\"https:\\\/\\\/monacita.com\\\/?page_id=79\"},{\"@type\":\"ListItem\",\"position\":3,\"name\":\"Extremadura\"}]},{\"@type\":\"WebSite\",\"@id\":\"https:\\\/\\\/monacita.com\\\/#website\",\"url\":\"https:\\\/\\\/monacita.com\\\/\",\"name\":\"Monacita\",\"description\":\"Estudios geol\u00f3gicos\",\"potentialAction\":[{\"@type\":\"SearchAction\",\"target\":{\"@type\":\"EntryPoint\",\"urlTemplate\":\"https:\\\/\\\/monacita.com\\\/?s={search_term_string}\"},\"query-input\":{\"@type\":\"PropertyValueSpecification\",\"valueRequired\":true,\"valueName\":\"search_term_string\"}}],\"inLanguage\":\"es\"}]}<\/script>\n<!-- \/ Yoast SEO plugin. -->","yoast_head_json":{"title":"Extremadura - Monacita","robots":{"index":"index","follow":"follow","max-snippet":"max-snippet:-1","max-image-preview":"max-image-preview:large","max-video-preview":"max-video-preview:-1"},"canonical":"https:\/\/monacita.com\/?page_id=385","og_locale":"es_ES","og_type":"article","og_title":"Extremadura - Monacita","og_description":"Sierra de San Pedro Introducci\u00f3n El esta\u00f1o y el volframio est\u00e1n considerados como sustancias prioritarias en el Plan Nacional de Abastecimiento de Materias Primas No\u00a0 Energ\u00e9ticas, no s\u00f3lo por su relativa escasez mundial y por sus aplicaciones espec\u00edficas, sino tambi\u00e9n por el aumento constante de la demanda que est\u00e1n siendo objeto en los \u00faltimos tiempos. [&hellip;]","og_url":"https:\/\/monacita.com\/?page_id=385","og_site_name":"Monacita","article_modified_time":"2022-06-21T15:34:36+00:00","twitter_card":"summary_large_image","twitter_misc":{"Tiempo de lectura":"2 minutos"},"schema":{"@context":"https:\/\/schema.org","@graph":[{"@type":"WebPage","@id":"https:\/\/monacita.com\/?page_id=385","url":"https:\/\/monacita.com\/?page_id=385","name":"Extremadura - Monacita","isPartOf":{"@id":"https:\/\/monacita.com\/#website"},"datePublished":"2019-08-30T16:45:21+00:00","dateModified":"2022-06-21T15:34:36+00:00","breadcrumb":{"@id":"https:\/\/monacita.com\/?page_id=385#breadcrumb"},"inLanguage":"es","potentialAction":[{"@type":"ReadAction","target":["https:\/\/monacita.com\/?page_id=385"]}]},{"@type":"BreadcrumbList","@id":"https:\/\/monacita.com\/?page_id=385#breadcrumb","itemListElement":[{"@type":"ListItem","position":1,"name":"Portada","item":"https:\/\/monacita.com\/"},{"@type":"ListItem","position":2,"name":"Estudios geol\u00f3gicos TTRR","item":"https:\/\/monacita.com\/?page_id=79"},{"@type":"ListItem","position":3,"name":"Extremadura"}]},{"@type":"WebSite","@id":"https:\/\/monacita.com\/#website","url":"https:\/\/monacita.com\/","name":"Monacita","description":"Estudios geol\u00f3gicos","potentialAction":[{"@type":"SearchAction","target":{"@type":"EntryPoint","urlTemplate":"https:\/\/monacita.com\/?s={search_term_string}"},"query-input":{"@type":"PropertyValueSpecification","valueRequired":true,"valueName":"search_term_string"}}],"inLanguage":"es"}]}},"_links":{"self":[{"href":"https:\/\/monacita.com\/index.php?rest_route=\/wp\/v2\/pages\/385","targetHints":{"allow":["GET"]}}],"collection":[{"href":"https:\/\/monacita.com\/index.php?rest_route=\/wp\/v2\/pages"}],"about":[{"href":"https:\/\/monacita.com\/index.php?rest_route=\/wp\/v2\/types\/page"}],"author":[{"embeddable":true,"href":"https:\/\/monacita.com\/index.php?rest_route=\/wp\/v2\/users\/1"}],"replies":[{"embeddable":true,"href":"https:\/\/monacita.com\/index.php?rest_route=%2Fwp%2Fv2%2Fcomments&post=385"}],"version-history":[{"count":9,"href":"https:\/\/monacita.com\/index.php?rest_route=\/wp\/v2\/pages\/385\/revisions"}],"predecessor-version":[{"id":579,"href":"https:\/\/monacita.com\/index.php?rest_route=\/wp\/v2\/pages\/385\/revisions\/579"}],"up":[{"embeddable":true,"href":"https:\/\/monacita.com\/index.php?rest_route=\/wp\/v2\/pages\/79"}],"wp:attachment":[{"href":"https:\/\/monacita.com\/index.php?rest_route=%2Fwp%2Fv2%2Fmedia&parent=385"}],"curies":[{"name":"wp","href":"https:\/\/api.w.org\/{rel}","templated":true}]}}