{"id":387,"date":"2019-08-30T16:46:01","date_gmt":"2019-08-30T16:46:01","guid":{"rendered":"https:\/\/monacita.com\/?page_id=387"},"modified":"2022-06-21T16:33:43","modified_gmt":"2022-06-21T15:33:43","slug":"salamanca","status":"publish","type":"page","link":"https:\/\/monacita.com\/?page_id=387","title":{"rendered":"Salamanca"},"content":{"rendered":"\t\t<div data-elementor-type=\"wp-post\" data-elementor-id=\"387\" class=\"elementor elementor-387\">\n\t\t\t\t\t\t<section class=\"elementor-section elementor-top-section elementor-element elementor-element-67992f92 elementor-section-boxed elementor-section-height-default elementor-section-height-default\" data-id=\"67992f92\" data-element_type=\"section\" data-e-type=\"section\">\n\t\t\t\t\t\t<div class=\"elementor-container elementor-column-gap-default\">\n\t\t\t\t\t<div class=\"elementor-column elementor-col-100 elementor-top-column elementor-element elementor-element-26abdf3e\" data-id=\"26abdf3e\" data-element_type=\"column\" data-e-type=\"column\">\n\t\t\t<div class=\"elementor-widget-wrap elementor-element-populated\">\n\t\t\t\t\t\t<div class=\"elementor-element elementor-element-32920306 elementor-widget elementor-widget-heading\" data-id=\"32920306\" data-element_type=\"widget\" data-e-type=\"widget\" data-widget_type=\"heading.default\">\n\t\t\t\t<div class=\"elementor-widget-container\">\n\t\t\t\t\t<h2 class=\"elementor-heading-title elementor-size-default\">Sierra de Tamames<\/h2>\t\t\t\t<\/div>\n\t\t\t\t<\/div>\n\t\t\t\t<div class=\"elementor-element elementor-element-03db123 elementor-widget elementor-widget-heading\" data-id=\"03db123\" data-element_type=\"widget\" data-e-type=\"widget\" data-widget_type=\"heading.default\">\n\t\t\t\t<div class=\"elementor-widget-container\">\n\t\t\t\t\t<h2 class=\"elementor-heading-title elementor-size-default\">Resumen<\/h2>\t\t\t\t<\/div>\n\t\t\t\t<\/div>\n\t\t\t\t<div class=\"elementor-element elementor-element-782f6fe elementor-widget elementor-widget-text-editor\" data-id=\"782f6fe\" data-element_type=\"widget\" data-e-type=\"widget\" data-widget_type=\"text-editor.default\">\n\t\t\t\t<div class=\"elementor-widget-container\">\n\t\t\t\t\t\t\t\t\t<p>Se estudian los f\u00f3siles procedentes de cuatro localidades situadas en la unidad denominada informalmente \u00abPizarras de La Bastida&gt;\u2019, entre los que se determinan diversos trilobites, graptolitos, braqui\u00f3podos y moluscos de edad comprendida entre el Llanvirn inferior y el Llandeilo inferior.\u00a0<\/p><p>Los resultados del estudio bioestratigr\u00e1fico permiten establecer la correlaci\u00f3n de esta unidad con otras Formaciones similares de la Zona Centro-ib\u00e9rica. Asimismo, nuevos hallazgos de graptolitos en la sucesi\u00f3n sil\u00farica del sinclinal de Sequeros indican por primera vez una edad Llandovery interior (Zonas triangulatus a magnus) para l.a parte inferior de la unidad discordante sobre las pizarras ordov\u00edcicas.<\/p><p>\u00a0<\/p>\t\t\t\t\t\t\t\t<\/div>\n\t\t\t\t<\/div>\n\t\t\t\t<div class=\"elementor-element elementor-element-50bad31 elementor-widget elementor-widget-heading\" data-id=\"50bad31\" data-element_type=\"widget\" data-e-type=\"widget\" data-widget_type=\"heading.default\">\n\t\t\t\t<div class=\"elementor-widget-container\">\n\t\t\t\t\t<h2 class=\"elementor-heading-title elementor-size-default\">Sierra de Francia<\/h2>\t\t\t\t<\/div>\n\t\t\t\t<\/div>\n\t\t\t\t<div class=\"elementor-element elementor-element-ba16adc elementor-widget elementor-widget-heading\" data-id=\"ba16adc\" data-element_type=\"widget\" data-e-type=\"widget\" data-widget_type=\"heading.default\">\n\t\t\t\t<div class=\"elementor-widget-container\">\n\t\t\t\t\t<h2 class=\"elementor-heading-title elementor-size-default\">Introducci\u00f3n<\/h2>\t\t\t\t<\/div>\n\t\t\t\t<\/div>\n\t\t\t\t<div class=\"elementor-element elementor-element-826a0cf elementor-widget elementor-widget-text-editor\" data-id=\"826a0cf\" data-element_type=\"widget\" data-e-type=\"widget\" data-widget_type=\"text-editor.default\">\n\t\t\t\t<div class=\"elementor-widget-container\">\n\t\t\t\t\t\t\t\t\t<p>La sierra de Francia, en el sur de la provincia de Salamanca, en el l\u00edmite con la de C\u00e1ceres, est\u00e1 situada en la zona Centro Ib\u00e9rica de JULIVERT et al. (1972).<\/p><p>Desde el punto de vista estructural corresponde a un sinclinorio de direcci\u00f3n NW-SE, con el plano axial subvertical, de la primera fase herc\u00ednica F1 (MACAYA, 1980). En \u00e9l aflora un Ordov\u00edcico inferior fundamentalmente cuarc\u00edtico, que reposa discordante sobre materiales asimilados al Complejo esquisto-grauv\u00e1quico. Hacia el N el granito de La Alberca-Sequeros ocupa el n\u00facleo del anticlinal que separa esta estructura del sinclinal de Tamames. Este granito es posterior a la F1, como lo indica el hecho de que el metamorfismo de contacto est\u00e9 superpuesto a la esquistosidad S1, y el que, a escala regional corte a las estructuras herc\u00ednicas de esta fase; a su vez est\u00e1 afectado por fallas de desgarre tardiherc\u00ednicas.<\/p><p>La aureola metam\u00f3rfica afecta, casi exclusivamente&gt; a las pizarras infraordov\u00edcicas en una banda de una anchura aproximada de 1,5 kil\u00f3metros. Da lugar a pizarras mosqueadas con n\u00f3dulos de cordierita en las que a\u00fan son visibles la estratificaci\u00f3n y la esquistosidad S1 anteriores.<\/p>\t\t\t\t\t\t\t\t<\/div>\n\t\t\t\t<\/div>\n\t\t\t\t<div class=\"elementor-element elementor-element-584bbaa9 elementor-widget elementor-widget-heading\" data-id=\"584bbaa9\" data-element_type=\"widget\" data-e-type=\"widget\" data-widget_type=\"heading.default\">\n\t\t\t\t<div class=\"elementor-widget-container\">\n\t\t\t\t\t<h2 class=\"elementor-heading-title elementor-size-default\">Descargas<\/h2>\t\t\t\t<\/div>\n\t\t\t\t<\/div>\n\t\t\t\t\t<\/div>\n\t\t<\/div>\n\t\t\t\t\t<\/div>\n\t\t<\/section>\n\t\t\t\t<section class=\"elementor-section elementor-top-section elementor-element elementor-element-673f0df7 elementor-section-boxed elementor-section-height-default elementor-section-height-default\" data-id=\"673f0df7\" data-element_type=\"section\" data-e-type=\"section\">\n\t\t\t\t\t\t<div class=\"elementor-container elementor-column-gap-default\">\n\t\t\t\t\t<div class=\"elementor-column elementor-col-25 elementor-top-column elementor-element elementor-element-5bee3d05\" data-id=\"5bee3d05\" data-element_type=\"column\" data-e-type=\"column\">\n\t\t\t<div class=\"elementor-widget-wrap\">\n\t\t\t\t\t\t\t<\/div>\n\t\t<\/div>\n\t\t\t\t<div class=\"elementor-column elementor-col-25 elementor-top-column elementor-element elementor-element-5b769005\" data-id=\"5b769005\" data-element_type=\"column\" data-e-type=\"column\">\n\t\t\t<div class=\"elementor-widget-wrap elementor-element-populated\">\n\t\t\t\t\t\t<div class=\"elementor-element elementor-element-1b446153 elementor-view-default elementor-position-block-start elementor-mobile-position-block-start elementor-widget elementor-widget-icon-box\" data-id=\"1b446153\" data-element_type=\"widget\" data-e-type=\"widget\" data-widget_type=\"icon-box.default\">\n\t\t\t\t<div class=\"elementor-widget-container\">\n\t\t\t\t\t\t\t<div class=\"elementor-icon-box-wrapper\">\n\n\t\t\t\t\t\t<div class=\"elementor-icon-box-icon\">\n\t\t\t\t<a href=\"https:\/\/monacita.com\/docs\/BIOESTRATIGRAFIA_PIZARRAS_ORDOVICICAS_SALAMANCA.pdf\" target=\"_blank\" class=\"elementor-icon\" tabindex=\"-1\" aria-label=\"Bioestratigraf\u00eda pizarras ordov\u00edcicas\">\n\t\t\t\t<i aria-hidden=\"true\" class=\"far fa-file-pdf\"><\/i>\t\t\t\t<\/a>\n\t\t\t<\/div>\n\t\t\t\n\t\t\t\t\t\t<div class=\"elementor-icon-box-content\">\n\n\t\t\t\t\t\t\t\t\t<h3 class=\"elementor-icon-box-title\">\n\t\t\t\t\t\t<a href=\"https:\/\/monacita.com\/docs\/BIOESTRATIGRAFIA_PIZARRAS_ORDOVICICAS_SALAMANCA.pdf\" target=\"_blank\" >\n\t\t\t\t\t\t\tBioestratigraf\u00eda pizarras ordov\u00edcicas\t\t\t\t\t\t<\/a>\n\t\t\t\t\t<\/h3>\n\t\t\t\t\n\t\t\t\t\n\t\t\t<\/div>\n\t\t\t\n\t\t<\/div>\n\t\t\t\t\t\t<\/div>\n\t\t\t\t<\/div>\n\t\t\t\t\t<\/div>\n\t\t<\/div>\n\t\t\t\t<div class=\"elementor-column elementor-col-25 elementor-top-column elementor-element elementor-element-16b14639\" data-id=\"16b14639\" data-element_type=\"column\" data-e-type=\"column\">\n\t\t\t<div class=\"elementor-widget-wrap elementor-element-populated\">\n\t\t\t\t\t\t<div class=\"elementor-element elementor-element-2d939e75 elementor-view-default elementor-position-block-start elementor-mobile-position-block-start elementor-widget elementor-widget-icon-box\" data-id=\"2d939e75\" data-element_type=\"widget\" data-e-type=\"widget\" data-widget_type=\"icon-box.default\">\n\t\t\t\t<div class=\"elementor-widget-container\">\n\t\t\t\t\t\t\t<div class=\"elementor-icon-box-wrapper\">\n\n\t\t\t\t\t\t<div class=\"elementor-icon-box-icon\">\n\t\t\t\t<a href=\"https:\/\/monacita.com\/docs\/ESTUDIO_GEOLOGICO_ESTRUCTURAL_SALAMANCA.pdf\" target=\"_blank\" class=\"elementor-icon\" tabindex=\"-1\" aria-label=\"Estudio geol\u00f3gico estrucutrual\">\n\t\t\t\t<i aria-hidden=\"true\" class=\"far fa-file-pdf\"><\/i>\t\t\t\t<\/a>\n\t\t\t<\/div>\n\t\t\t\n\t\t\t\t\t\t<div class=\"elementor-icon-box-content\">\n\n\t\t\t\t\t\t\t\t\t<h3 class=\"elementor-icon-box-title\">\n\t\t\t\t\t\t<a href=\"https:\/\/monacita.com\/docs\/ESTUDIO_GEOLOGICO_ESTRUCTURAL_SALAMANCA.pdf\" target=\"_blank\" >\n\t\t\t\t\t\t\tEstudio geol\u00f3gico estrucutrual\t\t\t\t\t\t<\/a>\n\t\t\t\t\t<\/h3>\n\t\t\t\t\n\t\t\t\t\n\t\t\t<\/div>\n\t\t\t\n\t\t<\/div>\n\t\t\t\t\t\t<\/div>\n\t\t\t\t<\/div>\n\t\t\t\t\t<\/div>\n\t\t<\/div>\n\t\t\t\t<div class=\"elementor-column elementor-col-25 elementor-top-column elementor-element elementor-element-302661d1\" data-id=\"302661d1\" data-element_type=\"column\" data-e-type=\"column\">\n\t\t\t<div class=\"elementor-widget-wrap\">\n\t\t\t\t\t\t\t<\/div>\n\t\t<\/div>\n\t\t\t\t\t<\/div>\n\t\t<\/section>\n\t\t\t\t<section class=\"elementor-section elementor-top-section elementor-element elementor-element-2e1c0d02 elementor-section-boxed elementor-section-height-default elementor-section-height-default\" data-id=\"2e1c0d02\" data-element_type=\"section\" data-e-type=\"section\" data-settings=\"{&quot;background_background&quot;:&quot;classic&quot;,&quot;shape_divider_top&quot;:&quot;curve&quot;,&quot;shape_divider_top_negative&quot;:&quot;yes&quot;}\">\n\t\t\t\t\t\t\t<div class=\"elementor-background-overlay\"><\/div>\n\t\t\t\t\t\t<div class=\"elementor-shape elementor-shape-top\" aria-hidden=\"true\" data-negative=\"true\">\n\t\t\t<svg xmlns=\"http:\/\/www.w3.org\/2000\/svg\" viewBox=\"0 0 1000 100\" preserveAspectRatio=\"none\">\n\t<path class=\"elementor-shape-fill\" d=\"M500,97C126.7,96.3,0.8,19.8,0,0v100l1000,0V1C1000,19.4,873.3,97.8,500,97z\"\/>\n<\/svg>\t\t<\/div>\n\t\t\t\t\t<div class=\"elementor-container elementor-column-gap-default\">\n\t\t\t\t\t<div class=\"elementor-column elementor-col-33 elementor-top-column elementor-element elementor-element-75f9251b\" data-id=\"75f9251b\" data-element_type=\"column\" data-e-type=\"column\">\n\t\t\t<div class=\"elementor-widget-wrap\">\n\t\t\t\t\t\t\t<\/div>\n\t\t<\/div>\n\t\t\t\t<div class=\"elementor-column elementor-col-33 elementor-top-column elementor-element elementor-element-7f7d4cf7\" data-id=\"7f7d4cf7\" data-element_type=\"column\" data-e-type=\"column\">\n\t\t\t<div class=\"elementor-widget-wrap elementor-element-populated\">\n\t\t\t\t\t\t<div class=\"elementor-element elementor-element-5aa5cd62 elementor-view-default elementor-position-block-start elementor-mobile-position-block-start elementor-widget elementor-widget-icon-box\" data-id=\"5aa5cd62\" data-element_type=\"widget\" data-e-type=\"widget\" data-widget_type=\"icon-box.default\">\n\t\t\t\t<div class=\"elementor-widget-container\">\n\t\t\t\t\t\t\t<div class=\"elementor-icon-box-wrapper\">\n\n\t\t\t\t\t\t<div class=\"elementor-icon-box-icon\">\n\t\t\t\t<span  class=\"elementor-icon\">\n\t\t\t\t<i aria-hidden=\"true\" class=\"fas fa-mail-bulk\"><\/i>\t\t\t\t<\/span>\n\t\t\t<\/div>\n\t\t\t\n\t\t\t\t\t\t<div class=\"elementor-icon-box-content\">\n\n\t\t\t\t\t\t\t\t\t<h5 class=\"elementor-icon-box-title\">\n\t\t\t\t\t\t<span  >\n\t\t\t\t\t\t\tinfo@monacita.com\t\t\t\t\t\t<\/span>\n\t\t\t\t\t<\/h5>\n\t\t\t\t\n\t\t\t\t\n\t\t\t<\/div>\n\t\t\t\n\t\t<\/div>\n\t\t\t\t\t\t<\/div>\n\t\t\t\t<\/div>\n\t\t\t\t\t<\/div>\n\t\t<\/div>\n\t\t\t\t<div class=\"elementor-column elementor-col-33 elementor-top-column elementor-element elementor-element-14c0dea7\" data-id=\"14c0dea7\" data-element_type=\"column\" data-e-type=\"column\">\n\t\t\t<div class=\"elementor-widget-wrap\">\n\t\t\t\t\t\t\t<\/div>\n\t\t<\/div>\n\t\t\t\t\t<\/div>\n\t\t<\/section>\n\t\t\t\t<\/div>\n\t\t","protected":false},"excerpt":{"rendered":"<p>Sierra de Tamames Resumen Se estudian los f\u00f3siles procedentes de cuatro localidades situadas en la unidad denominada informalmente \u00abPizarras de La Bastida&gt;\u2019, entre los que se determinan diversos trilobites, graptolitos, braqui\u00f3podos y moluscos de edad comprendida entre el Llanvirn inferior y el Llandeilo inferior.\u00a0 Los resultados del estudio bioestratigr\u00e1fico permiten establecer la correlaci\u00f3n de esta [&hellip;]<\/p>\n","protected":false},"author":1,"featured_media":0,"parent":79,"menu_order":9,"comment_status":"closed","ping_status":"closed","template":"","meta":{"footnotes":""},"class_list":["post-387","page","type-page","status-publish","hentry"],"yoast_head":"<!-- This site is optimized with the Yoast SEO plugin v27.4 - https:\/\/yoast.com\/product\/yoast-seo-wordpress\/ -->\n<title>Salamanca - Monacita<\/title>\n<meta name=\"robots\" content=\"index, follow, max-snippet:-1, max-image-preview:large, max-video-preview:-1\" \/>\n<link rel=\"canonical\" href=\"https:\/\/monacita.com\/?page_id=387\" \/>\n<meta property=\"og:locale\" content=\"es_ES\" \/>\n<meta property=\"og:type\" content=\"article\" \/>\n<meta property=\"og:title\" content=\"Salamanca - Monacita\" \/>\n<meta property=\"og:description\" content=\"Sierra de Tamames Resumen Se estudian los f\u00f3siles procedentes de cuatro localidades situadas en la unidad denominada informalmente \u00abPizarras de La Bastida&gt;\u2019, entre los que se determinan diversos trilobites, graptolitos, braqui\u00f3podos y moluscos de edad comprendida entre el Llanvirn inferior y el Llandeilo inferior.\u00a0 Los resultados del estudio bioestratigr\u00e1fico permiten establecer la correlaci\u00f3n de esta [&hellip;]\" \/>\n<meta property=\"og:url\" content=\"https:\/\/monacita.com\/?page_id=387\" \/>\n<meta property=\"og:site_name\" content=\"Monacita\" \/>\n<meta property=\"article:modified_time\" content=\"2022-06-21T15:33:43+00:00\" \/>\n<meta name=\"twitter:card\" content=\"summary_large_image\" \/>\n<meta name=\"twitter:label1\" content=\"Tiempo de lectura\" \/>\n\t<meta name=\"twitter:data1\" content=\"2 minutos\" \/>\n<script type=\"application\/ld+json\" class=\"yoast-schema-graph\">{\"@context\":\"https:\\\/\\\/schema.org\",\"@graph\":[{\"@type\":\"WebPage\",\"@id\":\"https:\\\/\\\/monacita.com\\\/?page_id=387\",\"url\":\"https:\\\/\\\/monacita.com\\\/?page_id=387\",\"name\":\"Salamanca - Monacita\",\"isPartOf\":{\"@id\":\"https:\\\/\\\/monacita.com\\\/#website\"},\"datePublished\":\"2019-08-30T16:46:01+00:00\",\"dateModified\":\"2022-06-21T15:33:43+00:00\",\"breadcrumb\":{\"@id\":\"https:\\\/\\\/monacita.com\\\/?page_id=387#breadcrumb\"},\"inLanguage\":\"es\",\"potentialAction\":[{\"@type\":\"ReadAction\",\"target\":[\"https:\\\/\\\/monacita.com\\\/?page_id=387\"]}]},{\"@type\":\"BreadcrumbList\",\"@id\":\"https:\\\/\\\/monacita.com\\\/?page_id=387#breadcrumb\",\"itemListElement\":[{\"@type\":\"ListItem\",\"position\":1,\"name\":\"Portada\",\"item\":\"https:\\\/\\\/monacita.com\\\/\"},{\"@type\":\"ListItem\",\"position\":2,\"name\":\"Estudios geol\u00f3gicos TTRR\",\"item\":\"https:\\\/\\\/monacita.com\\\/?page_id=79\"},{\"@type\":\"ListItem\",\"position\":3,\"name\":\"Salamanca\"}]},{\"@type\":\"WebSite\",\"@id\":\"https:\\\/\\\/monacita.com\\\/#website\",\"url\":\"https:\\\/\\\/monacita.com\\\/\",\"name\":\"Monacita\",\"description\":\"Estudios geol\u00f3gicos\",\"potentialAction\":[{\"@type\":\"SearchAction\",\"target\":{\"@type\":\"EntryPoint\",\"urlTemplate\":\"https:\\\/\\\/monacita.com\\\/?s={search_term_string}\"},\"query-input\":{\"@type\":\"PropertyValueSpecification\",\"valueRequired\":true,\"valueName\":\"search_term_string\"}}],\"inLanguage\":\"es\"}]}<\/script>\n<!-- \/ Yoast SEO plugin. -->","yoast_head_json":{"title":"Salamanca - Monacita","robots":{"index":"index","follow":"follow","max-snippet":"max-snippet:-1","max-image-preview":"max-image-preview:large","max-video-preview":"max-video-preview:-1"},"canonical":"https:\/\/monacita.com\/?page_id=387","og_locale":"es_ES","og_type":"article","og_title":"Salamanca - Monacita","og_description":"Sierra de Tamames Resumen Se estudian los f\u00f3siles procedentes de cuatro localidades situadas en la unidad denominada informalmente \u00abPizarras de La Bastida&gt;\u2019, entre los que se determinan diversos trilobites, graptolitos, braqui\u00f3podos y moluscos de edad comprendida entre el Llanvirn inferior y el Llandeilo inferior.\u00a0 Los resultados del estudio bioestratigr\u00e1fico permiten establecer la correlaci\u00f3n de esta [&hellip;]","og_url":"https:\/\/monacita.com\/?page_id=387","og_site_name":"Monacita","article_modified_time":"2022-06-21T15:33:43+00:00","twitter_card":"summary_large_image","twitter_misc":{"Tiempo de lectura":"2 minutos"},"schema":{"@context":"https:\/\/schema.org","@graph":[{"@type":"WebPage","@id":"https:\/\/monacita.com\/?page_id=387","url":"https:\/\/monacita.com\/?page_id=387","name":"Salamanca - Monacita","isPartOf":{"@id":"https:\/\/monacita.com\/#website"},"datePublished":"2019-08-30T16:46:01+00:00","dateModified":"2022-06-21T15:33:43+00:00","breadcrumb":{"@id":"https:\/\/monacita.com\/?page_id=387#breadcrumb"},"inLanguage":"es","potentialAction":[{"@type":"ReadAction","target":["https:\/\/monacita.com\/?page_id=387"]}]},{"@type":"BreadcrumbList","@id":"https:\/\/monacita.com\/?page_id=387#breadcrumb","itemListElement":[{"@type":"ListItem","position":1,"name":"Portada","item":"https:\/\/monacita.com\/"},{"@type":"ListItem","position":2,"name":"Estudios geol\u00f3gicos TTRR","item":"https:\/\/monacita.com\/?page_id=79"},{"@type":"ListItem","position":3,"name":"Salamanca"}]},{"@type":"WebSite","@id":"https:\/\/monacita.com\/#website","url":"https:\/\/monacita.com\/","name":"Monacita","description":"Estudios geol\u00f3gicos","potentialAction":[{"@type":"SearchAction","target":{"@type":"EntryPoint","urlTemplate":"https:\/\/monacita.com\/?s={search_term_string}"},"query-input":{"@type":"PropertyValueSpecification","valueRequired":true,"valueName":"search_term_string"}}],"inLanguage":"es"}]}},"_links":{"self":[{"href":"https:\/\/monacita.com\/index.php?rest_route=\/wp\/v2\/pages\/387","targetHints":{"allow":["GET"]}}],"collection":[{"href":"https:\/\/monacita.com\/index.php?rest_route=\/wp\/v2\/pages"}],"about":[{"href":"https:\/\/monacita.com\/index.php?rest_route=\/wp\/v2\/types\/page"}],"author":[{"embeddable":true,"href":"https:\/\/monacita.com\/index.php?rest_route=\/wp\/v2\/users\/1"}],"replies":[{"embeddable":true,"href":"https:\/\/monacita.com\/index.php?rest_route=%2Fwp%2Fv2%2Fcomments&post=387"}],"version-history":[{"count":9,"href":"https:\/\/monacita.com\/index.php?rest_route=\/wp\/v2\/pages\/387\/revisions"}],"predecessor-version":[{"id":576,"href":"https:\/\/monacita.com\/index.php?rest_route=\/wp\/v2\/pages\/387\/revisions\/576"}],"up":[{"embeddable":true,"href":"https:\/\/monacita.com\/index.php?rest_route=\/wp\/v2\/pages\/79"}],"wp:attachment":[{"href":"https:\/\/monacita.com\/index.php?rest_route=%2Fwp%2Fv2%2Fmedia&parent=387"}],"curies":[{"name":"wp","href":"https:\/\/api.w.org\/{rel}","templated":true}]}}